{"id":1461,"date":"2021-09-22T23:17:32","date_gmt":"2021-09-22T21:17:32","guid":{"rendered":"https:\/\/grus.rs\/?page_id=1461"},"modified":"2021-11-02T15:50:06","modified_gmt":"2021-11-02T14:50:06","slug":"izrada-analiza-i-planova","status":"publish","type":"page","link":"https:\/\/grus.rs\/en\/konsalting-i-menadzment-u-turizmu\/izrada-analiza-i-planova\/","title":{"rendered":"ANALYSIS AND PLAN DEVELOPMENT"},"content":{"rendered":"<section class=\"l-section wpb_row height_auto color_primary with_img parallax_hor bgwidth_120\"><div class=\"l-section-img\" style=\"background-image: url(https:\/\/grus.rs\/wp-content\/uploads\/2021\/09\/hotel2.jpg);\" data-img-width=\"2000\" data-img-height=\"1333\"><\/div><div class=\"l-section-overlay\" style=\"background:rgba(2,2,2,0.67)\"><\/div><div class=\"l-section-h i-cf\"><div class=\"g-cols via_grid cols_1 laptops-cols_inherit tablets-cols_inherit mobiles-cols_1 valign_top type_default\"><div class=\"wpb_column vc_column_container\"><div class=\"vc_column-inner\"><div class=\"w-separator size_custom\" style=\"height:10vh\"><\/div><h1 style=\"font-size: 3rem;text-align: center\" class=\"vc_custom_heading us_custom_72d5d8ae\" >ANALYSIS AND PLAN DEVELOPMENT<\/h1><div class=\"w-separator size_custom\" style=\"height:5vh\"><\/div><div class=\"w-iconbox iconpos_top style_default color_custom align_center no_title no_text\"><a href=\"#intro\" class=\"w-iconbox-link\" aria-label=\"far|chevron-down\"><div class=\"w-iconbox-icon\" style=\"font-size:3rem;color:#ffffff;\"><i class=\"far fa-chevron-down\"><\/i><\/div><\/a><div class=\"w-iconbox-meta\"><\/div><\/div><div class=\"w-separator size_custom\" style=\"height:5vh\"><\/div><\/div><\/div><\/div><\/div><\/section><section class=\"l-section wpb_row height_auto color_alternate\" id=\"intro\"><div class=\"l-section-h i-cf\"><div class=\"g-cols via_grid cols_2-1 laptops-cols_inherit tablets-cols_inherit mobiles-cols_1 valign_top type_default\"><div class=\"wpb_column vc_column_container\"><div class=\"vc_column-inner\"><div class=\"w-separator size_custom\" style=\"height:5vh\"><\/div><div class=\"g-cols wpb_row via_grid cols_1 laptops-cols_inherit tablets-cols_inherit mobiles-cols_1 valign_top type_default\"><div class=\"wpb_column vc_column_container\"><div class=\"vc_column-inner\"><div class=\"wpb_text_column us_custom_432d3f53\"><div class=\"wpb_wrapper\"><p>If you want to expand your business or have decided to engage in a hospitality segment and you just need additional funding sources to turn your idea into reality, we will help you with business plans. Potential investors and financial institutions expect to see a quality business plan\/feasibility study when you reach out to them with your ideas.<\/p>\n<p>If you want to plan your business properly on an annual basis, it is necessary to make a quality hotel annual business plan that comprises a marketing plan and a financial plan\/operating budget. With a well-prepared annual business plan, it will be much easier for you to react to a dynamic environment and market changes.<\/p>\n<p><em><u>Feasibility study development <\/u><\/em><\/p>\n<p>A feasibility study provides complete information to the prospective client, investor, or lender about the planned project and planned results of future business.<\/p>\n<p>Banks, investment funds, and other investors demand a detailed, professionally developed, and reasoned market and financial project analysis.<\/p>\n<p>The preparation of a Feasibility Study implies a detailed analysis of various elements and characteristics of one country, area, city, and micro-location of your facility.<\/p>\n<p>The study includes an analysis of all segments related to the tourist offer, infrastructure and attendance forecast, economic and tourist development and potentials, the scope of the offer, and the price of competition as the main elements that will determine the positioning of your product on the market.<\/p>\n<p>It is common for a financial analysis in an investment study to be done for a period of five years due to the nature of the hospitality business. The financial analysis forecasts the turnover individually for each profit segment of the facility's business. This means that calculations are made as to how specific sectors will operate and how much turnover will be realized in, for example, room segment, F&amp;B, wellness and spa sector.<\/p>\n<p>Furthermore, a financial analysis contains projections of employee costs, energy, material, and general costs. Finally, it contains a GOP projection. NOP can be projected if there is information about the amount of financial debt that burdens the facility's operations at the time of the study.<\/p>\n<p>It is also necessary to note that medium-term five-year business studies are not only developed when launching certain investments; on the contrary, serious companies prepare and update them periodically to monitor business and market progress.<\/p>\n<p><a href=\"https:\/\/www.investopedia.com\/terms\/b\/business-plan.asp\" target=\"_blank\" rel=\"noopener\"><em><u>Annual business plan development<\/u><\/em><\/a><\/p>\n<p>Developing an annual business plan includes developing a marketing plan with defined market segments, clearly defined sales and distribution channels, realistic pricing policy, defined annual marketing campaigns, and an operating budget that controls operations against the planned revenues and expenditures at the monthly, quarterly, and annual level.<\/p>\n<p>Based on a well-developed annual business plan, company managers and owners can react quickly to market changes as they know at any time their position against the planned business at a particular time of year. This is especially important in the hospitality business due to the possible impact of seasons on the planned volume of revenues.<\/p>\n<p>Financial analysis or operating budget is a vital part of the annual business plan. It sublimates all the ideas developed at the marketing level and observed against income and expenses, it is clear whether it is a well-designed business plan.<\/p>\n<p>We believe that it is noteworthy that companies with well-developed strategic business plans for the next five years produce much better annual business plans.<\/p>\n<\/div><\/div><\/div><\/div><\/div><div class=\"w-separator size_custom\" style=\"height:5vh\"><\/div><\/div><\/div><div class=\"wpb_column vc_column_container\"><div class=\"vc_column-inner\"><section class=\"l-section wpb_row us_custom_1e5ab288 height_auto\"><div class=\"l-section-h i-cf\"><div class=\"g-cols via_grid cols_1 laptops-cols_inherit tablets-cols_inherit mobiles-cols_1 valign_top type_default\"><div class=\"wpb_column vc_column_container\"><div class=\"vc_column-inner\"><div class=\"g-cols wpb_row via_grid cols_1 laptops-cols_inherit tablets-cols_inherit mobiles-cols_1 valign_top type_default\"><div class=\"wpb_column vc_column_container\"><div class=\"vc_column-inner\"><div class=\"wpb_text_column us_custom_8f35adf7\"><div class=\"wpb_wrapper\"><p>Info<\/p>\n<\/div><\/div><div class=\"w-separator size_custom with_line width_30 thick_3 style_solid color_text align_center\" style=\"height:5vh\"><div class=\"w-separator-h\"><\/div><\/div><div class=\"w-iconbox us_custom_f73f4019 iconpos_left style_default color_contrast align_center no_title\"><a href=\"mailto:info@grus.rs\" class=\"w-iconbox-link\" aria-label=\"fal|envelope\"><div class=\"w-iconbox-icon\" style=\"font-size:1.5rem;\"><i class=\"fal fa-envelope\"><\/i><\/div><\/a><div class=\"w-iconbox-meta\"><div class=\"w-iconbox-text\"><p style=\"text-align: center;\">info@grus.rs<\/p>\n<\/div><\/div><\/div><div class=\"w-separator size_custom\" style=\"height:3vh\"><\/div><div class=\"w-iconbox us_custom_f73f4019 iconpos_left style_default color_contrast align_center no_title\"><a href=\"tel: 381 65 209 4933\" class=\"w-iconbox-link\" aria-label=\"fal|phone\"><div class=\"w-iconbox-icon\" style=\"font-size:1.5rem;\"><i class=\"fal fa-phone\"><\/i><\/div><\/a><div class=\"w-iconbox-meta\"><div class=\"w-iconbox-text\"><p style=\"text-align: center;\">+381 65 209 4933<\/p>\n<\/div><\/div><\/div><div class=\"w-separator size_custom\" style=\"height:3vh\"><\/div><div class=\"w-iconbox us_custom_f73f4019 iconpos_left style_default color_contrast align_center no_title\"><div class=\"w-iconbox-icon\" style=\"font-size:2rem;\"><i class=\"fal fa-clock\"><\/i><\/div><div class=\"w-iconbox-meta\"><div class=\"w-iconbox-text\"><p style=\"text-align: center;\">Mon \u2013 Fry: 08:00-16:00 h<\/p>\n<\/div><\/div><\/div><\/div><\/div><\/div><div class=\"g-cols wpb_row via_grid cols_1 laptops-cols_inherit tablets-cols_inherit mobiles-cols_1 valign_top type_default\"><div class=\"wpb_column vc_column_container\"><div class=\"vc_column-inner\"><div class=\"w-separator size_custom\" style=\"height:5vh\"><\/div><div class=\"wpb_text_column us_custom_8f35adf7\"><div class=\"wpb_wrapper\"><p>SERVICES<\/p>\n<\/div><\/div><div class=\"w-separator size_custom with_line width_30 thick_3 style_solid color_text align_center\" style=\"height:5vh\"><div class=\"w-separator-h\"><\/div><\/div><div class=\"w-separator size_custom\" style=\"height:2vh\"><\/div><div class=\"w-iconbox us_custom_88a47ef4 iconpos_left style_default color_contrast align_left no_title has_text_color\"><a title=\"HOTEL BUSINESS REORGANIZATION PROJECTS\" href=\"https:\/\/grus.rs\/en\/usluge\/projekti-reorganizacije-poslovanja-hotela\/\" class=\"w-iconbox-link\" aria-label=\"fal|analytics\"><div class=\"w-iconbox-icon\" style=\"font-size:1.5rem;\"><i class=\"fal fa-analytics\"><\/i><\/div><\/a><div class=\"w-iconbox-meta\"><div class=\"w-iconbox-text\"><p style=\"text-align: left;\"><span style=\"color: #3f4544;\"><a style=\"color: #3f4544;\" href=\"https:\/\/grus.rs\/en\/usluge\/projekti-reorganizacije-poslovanja-hotela\/\">HOTEL BUSINESS REORGANIZATION PROJECTS<\/a><\/span><\/p>\n<\/div><\/div><\/div><div class=\"w-separator size_custom\" style=\"height:3vh\"><\/div><div class=\"w-iconbox us_custom_1e0e9307 iconpos_left style_default color_contrast align_left no_title\"><a title=\"\u041ebuke u treninzi z\u0430p\u043esl\u0435nih\" href=\"https:\/\/grus.rs\/en\/usluge\/obuke-i-treninzi-zaposlenih\/\" class=\"w-iconbox-link\" aria-label=\"fal|people-arrows\"><div class=\"w-iconbox-icon\" style=\"font-size:1.5rem;\"><i class=\"fal fa-people-arrows\"><\/i><\/div><\/a><div class=\"w-iconbox-meta\"><div class=\"w-iconbox-text\"><p style=\"text-align: left;\"><span style=\"color: #3f4544;\"><a style=\"color: #3f4544;\" href=\"https:\/\/grus.rs\/en\/usluge\/obuke-i-treninzi-zaposlenih\/\">HOTEL EMPLOYEES TRAINING<\/a><\/span><\/p>\n<\/div><\/div><\/div><div class=\"w-separator size_custom\" style=\"height:3vh\"><\/div><div class=\"w-iconbox us_custom_1e0e9307 iconpos_left style_default color_contrast align_left no_title\"><a title=\"SUPPORT FOR CONSTRUCTION OR RECONSTRUCTION PROJECTS\" href=\"https:\/\/grus.rs\/en\/usluge\/podrska-projektima-izgradnje-ili-rekonstrukcije\/\" class=\"w-iconbox-link\" aria-label=\"fal|project-diagram\"><div class=\"w-iconbox-icon\" style=\"font-size:1.5rem;\"><i class=\"fal fa-project-diagram\"><\/i><\/div><\/a><div class=\"w-iconbox-meta\"><div class=\"w-iconbox-text\"><p style=\"text-align: left;\"><span style=\"color: #3f4544;\"><a style=\"color: #3f4544;\" href=\"https:\/\/grus.rs\/en\/usluge\/podrska-projektima-izgradnje-ili-rekonstrukcije\/\">SUPPORT FOR CONSTRUCTION OR RECONSTRUCTION PROJECTS<\/a><\/span><\/p>\n<\/div><\/div><\/div><div class=\"w-separator size_custom\" style=\"height:3vh\"><\/div><div class=\"w-iconbox us_custom_1e0e9307 iconpos_left style_default color_contrast align_left no_title\"><a title=\"PREPARATION OF FACILITIES FOR OPENING\" href=\"https:\/\/grus.rs\/en\/usluge\/priprema-objekata-za-otvaranje\/\" class=\"w-iconbox-link\" aria-label=\"fal|building\"><div class=\"w-iconbox-icon\" style=\"font-size:1.5rem;\"><i class=\"fal fa-building\"><\/i><\/div><\/a><div class=\"w-iconbox-meta\"><div class=\"w-iconbox-text\"><p style=\"text-align: left;\"><span style=\"color: #3f4544;\"><a style=\"color: #3f4544;\" href=\"https:\/\/grus.rs\/en\/usluge\/priprema-objekata-za-otvaranje\/\">PREPARATION OF FACILITIES FOR OPENING<\/a><\/span><\/p>\n<\/div><\/div><\/div><div class=\"w-separator size_custom\" style=\"height:3vh\"><\/div><div class=\"w-iconbox us_custom_1e0e9307 iconpos_left style_default color_contrast align_left no_title\"><a title=\"ANALYSIS AND PLAN DEVELOPMENT\" href=\"https:\/\/grus.rs\/en\/usluge\/izrada-analiza-i-planova\/\" class=\"w-iconbox-link\" aria-label=\"fal|chart-area\"><div class=\"w-iconbox-icon\" style=\"font-size:1.5rem;\"><i class=\"fal fa-chart-area\"><\/i><\/div><\/a><div class=\"w-iconbox-meta\"><div class=\"w-iconbox-text\"><p style=\"text-align: left;\"><span style=\"color: #3f4544;\"><a style=\"color: #3f4544;\" href=\"https:\/\/grus.rs\/en\/usluge\/izrada-analiza-i-planova\/\">ANALYSIS AND PLAN DEVELOPMENT<\/a><\/span><\/p>\n<\/div><\/div><\/div><div class=\"w-separator size_custom\" style=\"height:3vh\"><\/div><div class=\"w-iconbox us_custom_1e0e9307 iconpos_left style_default color_contrast align_left no_title\"><a title=\"INTERIM MANAGEMENT\" href=\"https:\/\/grus.rs\/en\/usluge\/interim-menadzment-privremeno-upravljanje\/\" class=\"w-iconbox-link\" aria-label=\"fal|tasks\"><div class=\"w-iconbox-icon\" style=\"font-size:1.5rem;\"><i class=\"fal fa-tasks\"><\/i><\/div><\/a><div class=\"w-iconbox-meta\"><div class=\"w-iconbox-text\"><p style=\"text-align: left;\"><span style=\"color: #3f4544;\"><a style=\"color: #3f4544;\" href=\"https:\/\/grus.rs\/en\/usluge\/interim-menadzment-privremeno-upravljanje\/\">INTERIM MANAGEMENT<\/a><\/span><\/p>\n<\/div><\/div><\/div><\/div><\/div><\/div><div class=\"w-separator size_custom\" style=\"height:10vh\"><\/div><\/div><\/div><\/div><\/div><\/section>\n<\/div><\/div><\/div><\/div><\/section>","protected":false},"excerpt":{"rendered":"Izrada analiza i planova u ugostiteljstvuUkoliko \u017eelite da pro\u0161irite svoje poslovanje ili ukoliko ste odlu\u010dili da po\u010dnete da se bavite nekim segmentom ugostiteljstva i s\u0430m\u043e vam tr\u0435b\u0430ju dodatni izvori finansiranja d\u0430 bi v\u0430\u0161a ideja p\u043est\u0430la stv\u0430rn\u043est, pomo\u0107i \u0107emo vam kroz izradu biznis planova.\u00a0 Potencijalni Inv\u0435stit\u043eri i fin\u0430nsi\u0458sk\u0435 instituci\u0458\u0435 \u043e\u010d\u0435ku\u0458u d\u0430 vid\u0435 kvalitetan biznis plan \/...","protected":false},"author":1,"featured_media":0,"parent":1481,"menu_order":5,"comment_status":"closed","ping_status":"closed","template":"","meta":{"footnotes":""},"class_list":["post-1461","page","type-page","status-publish","hentry"],"yoast_head":"<!-- This site is optimized with the Yoast SEO plugin v17.4 - https:\/\/yoast.com\/wordpress\/plugins\/seo\/ -->\n<title>Izrada analiza i planova u ugostiteljstvu &bull; Grus Hospitality Management<\/title>\n<meta name=\"description\" content=\"Izrada analiza i planova je prvi korak ukoliko \u017eelite da pravilno isplanirate poslovanje hotela na godi\u0161njem nivou.\" \/>\n<meta name=\"robots\" content=\"index, follow, max-snippet:-1, max-image-preview:large, max-video-preview:-1\" \/>\n<link rel=\"canonical\" href=\"https:\/\/grus.rs\/en\/konsalting-i-menadzment-u-turizmu\/izrada-analiza-i-planova\/\" \/>\n<meta property=\"og:locale\" content=\"en_US\" \/>\n<meta property=\"og:type\" content=\"article\" \/>\n<meta property=\"og:title\" content=\"Izrada analiza i planova u ugostiteljstvu &bull; Grus Hospitality Management\" \/>\n<meta property=\"og:description\" content=\"Izrada analiza i planova je prvi korak ukoliko \u017eelite da pravilno isplanirate poslovanje hotela na godi\u0161njem nivou.\" \/>\n<meta property=\"og:url\" content=\"https:\/\/grus.rs\/en\/konsalting-i-menadzment-u-turizmu\/izrada-analiza-i-planova\/\" \/>\n<meta property=\"og:site_name\" content=\"Grus Hospitality Management\" \/>\n<meta property=\"article:publisher\" content=\"https:\/\/www.facebook.com\/GrusHospitality\" \/>\n<meta property=\"article:modified_time\" content=\"2021-11-02T14:50:06+00:00\" \/>\n<meta name=\"twitter:card\" content=\"summary_large_image\" \/>\n<meta name=\"twitter:label1\" content=\"Est. reading time\" \/>\n\t<meta name=\"twitter:data1\" content=\"3 minutes\" \/>\n<script type=\"application\/ld+json\" class=\"yoast-schema-graph\">{\"@context\":\"https:\/\/schema.org\",\"@graph\":[{\"@type\":\"Organization\",\"@id\":\"https:\/\/grus.rs\/#organization\",\"name\":\"Grus Hospitality Management\",\"url\":\"https:\/\/grus.rs\/\",\"sameAs\":[\"https:\/\/www.facebook.com\/GrusHospitality\",\"https:\/\/www.linkedin.com\/company\/grus-hospitality-management\/\"],\"logo\":{\"@type\":\"ImageObject\",\"@id\":\"https:\/\/grus.rs\/#logo\",\"inLanguage\":\"en-US\",\"url\":\"https:\/\/grus.rs\/wp-content\/uploads\/2021\/09\/logo-transparent.png\",\"contentUrl\":\"https:\/\/grus.rs\/wp-content\/uploads\/2021\/09\/logo-transparent.png\",\"width\":1275,\"height\":369,\"caption\":\"Grus Hospitality Management\"},\"image\":{\"@id\":\"https:\/\/grus.rs\/#logo\"}},{\"@type\":\"WebSite\",\"@id\":\"https:\/\/grus.rs\/#website\",\"url\":\"https:\/\/grus.rs\/\",\"name\":\"Grus Hospitality Management\",\"description\":\"\",\"publisher\":{\"@id\":\"https:\/\/grus.rs\/#organization\"},\"potentialAction\":[{\"@type\":\"SearchAction\",\"target\":{\"@type\":\"EntryPoint\",\"urlTemplate\":\"https:\/\/grus.rs\/?s={search_term_string}\"},\"query-input\":\"required name=search_term_string\"}],\"inLanguage\":\"en-US\"},{\"@type\":\"WebPage\",\"@id\":\"https:\/\/grus.rs\/konsalting-i-menadzment-u-turizmu\/izrada-analiza-i-planova\/#webpage\",\"url\":\"https:\/\/grus.rs\/konsalting-i-menadzment-u-turizmu\/izrada-analiza-i-planova\/\",\"name\":\"Izrada analiza i planova u ugostiteljstvu &bull; Grus Hospitality Management\",\"isPartOf\":{\"@id\":\"https:\/\/grus.rs\/#website\"},\"datePublished\":\"2021-09-22T21:17:32+00:00\",\"dateModified\":\"2021-11-02T14:50:06+00:00\",\"description\":\"Izrada analiza i planova je prvi korak ukoliko \\u017eelite da pravilno isplanirate poslovanje hotela na godi\\u0161njem nivou.\",\"breadcrumb\":{\"@id\":\"https:\/\/grus.rs\/konsalting-i-menadzment-u-turizmu\/izrada-analiza-i-planova\/#breadcrumb\"},\"inLanguage\":\"en-US\",\"potentialAction\":[{\"@type\":\"ReadAction\",\"target\":[\"https:\/\/grus.rs\/konsalting-i-menadzment-u-turizmu\/izrada-analiza-i-planova\/\"]}]},{\"@type\":\"BreadcrumbList\",\"@id\":\"https:\/\/grus.rs\/konsalting-i-menadzment-u-turizmu\/izrada-analiza-i-planova\/#breadcrumb\",\"itemListElement\":[{\"@type\":\"ListItem\",\"position\":1,\"name\":\"Po\\u010detna\",\"item\":\"https:\/\/grus.rs\/\"},{\"@type\":\"ListItem\",\"position\":2,\"name\":\"Usluge\",\"item\":\"https:\/\/grus.rs\/konsalting-i-menadzment-u-turizmu\/\"},{\"@type\":\"ListItem\",\"position\":3,\"name\":\"Izrada analiza i planova u ugostiteljstvu\"}]}]}<\/script>\n<!-- \/ Yoast SEO plugin. -->","yoast_head_json":{"title":"Izrada analiza i planova u ugostiteljstvu &bull; Grus Hospitality Management","description":"Izrada analiza i planova je prvi korak ukoliko \u017eelite da pravilno isplanirate poslovanje hotela na godi\u0161njem nivou.","robots":{"index":"index","follow":"follow","max-snippet":"max-snippet:-1","max-image-preview":"max-image-preview:large","max-video-preview":"max-video-preview:-1"},"canonical":"https:\/\/grus.rs\/en\/konsalting-i-menadzment-u-turizmu\/izrada-analiza-i-planova\/","og_locale":"en_US","og_type":"article","og_title":"Izrada analiza i planova u ugostiteljstvu &bull; Grus Hospitality Management","og_description":"Izrada analiza i planova je prvi korak ukoliko \u017eelite da pravilno isplanirate poslovanje hotela na godi\u0161njem nivou.","og_url":"https:\/\/grus.rs\/en\/konsalting-i-menadzment-u-turizmu\/izrada-analiza-i-planova\/","og_site_name":"Grus Hospitality Management","article_publisher":"https:\/\/www.facebook.com\/GrusHospitality","article_modified_time":"2021-11-02T14:50:06+00:00","twitter_card":"summary_large_image","twitter_misc":{"Est. reading time":"3 minutes"},"schema":{"@context":"https:\/\/schema.org","@graph":[{"@type":"Organization","@id":"https:\/\/grus.rs\/#organization","name":"Grus Hospitality Management","url":"https:\/\/grus.rs\/","sameAs":["https:\/\/www.facebook.com\/GrusHospitality","https:\/\/www.linkedin.com\/company\/grus-hospitality-management\/"],"logo":{"@type":"ImageObject","@id":"https:\/\/grus.rs\/#logo","inLanguage":"en-US","url":"https:\/\/grus.rs\/wp-content\/uploads\/2021\/09\/logo-transparent.png","contentUrl":"https:\/\/grus.rs\/wp-content\/uploads\/2021\/09\/logo-transparent.png","width":1275,"height":369,"caption":"Grus Hospitality Management"},"image":{"@id":"https:\/\/grus.rs\/#logo"}},{"@type":"WebSite","@id":"https:\/\/grus.rs\/#website","url":"https:\/\/grus.rs\/","name":"Grus Hospitality Management","description":"","publisher":{"@id":"https:\/\/grus.rs\/#organization"},"potentialAction":[{"@type":"SearchAction","target":{"@type":"EntryPoint","urlTemplate":"https:\/\/grus.rs\/?s={search_term_string}"},"query-input":"required name=search_term_string"}],"inLanguage":"en-US"},{"@type":"WebPage","@id":"https:\/\/grus.rs\/konsalting-i-menadzment-u-turizmu\/izrada-analiza-i-planova\/#webpage","url":"https:\/\/grus.rs\/konsalting-i-menadzment-u-turizmu\/izrada-analiza-i-planova\/","name":"Izrada analiza i planova u ugostiteljstvu &bull; Grus Hospitality Management","isPartOf":{"@id":"https:\/\/grus.rs\/#website"},"datePublished":"2021-09-22T21:17:32+00:00","dateModified":"2021-11-02T14:50:06+00:00","description":"Izrada analiza i planova je prvi korak ukoliko \u017eelite da pravilno isplanirate poslovanje hotela na godi\u0161njem nivou.","breadcrumb":{"@id":"https:\/\/grus.rs\/konsalting-i-menadzment-u-turizmu\/izrada-analiza-i-planova\/#breadcrumb"},"inLanguage":"en-US","potentialAction":[{"@type":"ReadAction","target":["https:\/\/grus.rs\/konsalting-i-menadzment-u-turizmu\/izrada-analiza-i-planova\/"]}]},{"@type":"BreadcrumbList","@id":"https:\/\/grus.rs\/konsalting-i-menadzment-u-turizmu\/izrada-analiza-i-planova\/#breadcrumb","itemListElement":[{"@type":"ListItem","position":1,"name":"Po\u010detna","item":"https:\/\/grus.rs\/"},{"@type":"ListItem","position":2,"name":"Usluge","item":"https:\/\/grus.rs\/konsalting-i-menadzment-u-turizmu\/"},{"@type":"ListItem","position":3,"name":"Izrada analiza i planova u ugostiteljstvu"}]}]}},"_links":{"self":[{"href":"https:\/\/grus.rs\/en\/wp-json\/wp\/v2\/pages\/1461","targetHints":{"allow":["GET"]}}],"collection":[{"href":"https:\/\/grus.rs\/en\/wp-json\/wp\/v2\/pages"}],"about":[{"href":"https:\/\/grus.rs\/en\/wp-json\/wp\/v2\/types\/page"}],"author":[{"embeddable":true,"href":"https:\/\/grus.rs\/en\/wp-json\/wp\/v2\/users\/1"}],"replies":[{"embeddable":true,"href":"https:\/\/grus.rs\/en\/wp-json\/wp\/v2\/comments?post=1461"}],"version-history":[{"count":8,"href":"https:\/\/grus.rs\/en\/wp-json\/wp\/v2\/pages\/1461\/revisions"}],"predecessor-version":[{"id":1665,"href":"https:\/\/grus.rs\/en\/wp-json\/wp\/v2\/pages\/1461\/revisions\/1665"}],"up":[{"embeddable":true,"href":"https:\/\/grus.rs\/en\/wp-json\/wp\/v2\/pages\/1481"}],"wp:attachment":[{"href":"https:\/\/grus.rs\/en\/wp-json\/wp\/v2\/media?parent=1461"}],"curies":[{"name":"wp","href":"https:\/\/api.w.org\/{rel}","templated":true}]}}