{"id":1459,"date":"2021-09-22T23:15:15","date_gmt":"2021-09-22T21:15:15","guid":{"rendered":"https:\/\/grus.rs\/?page_id=1459"},"modified":"2021-11-02T15:44:37","modified_gmt":"2021-11-02T14:44:37","slug":"podrska-projektima-izgradnje-ili-rekonstrukcije-hotela","status":"publish","type":"page","link":"https:\/\/grus.rs\/en\/konsalting-i-menadzment-u-turizmu\/podrska-projektima-izgradnje-ili-rekonstrukcije-hotela\/","title":{"rendered":"SUPPORT FOR CONSTRUCTION OR RECONSTRUCTION PROJECTS"},"content":{"rendered":"<section class=\"l-section wpb_row height_auto color_primary with_img parallax_hor bgwidth_120\"><div class=\"l-section-img\" style=\"background-image: url(https:\/\/grus.rs\/wp-content\/uploads\/2021\/09\/hotel2.jpg);\" data-img-width=\"2000\" data-img-height=\"1333\"><\/div><div class=\"l-section-overlay\" style=\"background:rgba(2,2,2,0.67)\"><\/div><div class=\"l-section-h i-cf\"><div class=\"g-cols via_grid cols_1 laptops-cols_inherit tablets-cols_inherit mobiles-cols_1 valign_top type_default\"><div class=\"wpb_column vc_column_container\"><div class=\"vc_column-inner\"><div class=\"w-separator size_custom\" style=\"height:10vh\"><\/div><h1 style=\"font-size: 3rem;text-align: center\" class=\"vc_custom_heading us_custom_72d5d8ae\" >SUPPORT FOR CONSTRUCTION OR RECONSTRUCTION PROJECTS<\/h1><div class=\"w-separator size_custom\" style=\"height:5vh\"><\/div><div class=\"w-iconbox iconpos_top style_default color_custom align_center no_title no_text\"><a href=\"#intro\" class=\"w-iconbox-link\" aria-label=\"far|chevron-down\"><div class=\"w-iconbox-icon\" style=\"font-size:3rem;color:#ffffff;\"><i class=\"far fa-chevron-down\"><\/i><\/div><\/a><div class=\"w-iconbox-meta\"><\/div><\/div><div class=\"w-separator size_custom\" style=\"height:5vh\"><\/div><\/div><\/div><\/div><\/div><\/section><section class=\"l-section wpb_row height_auto color_alternate\" id=\"intro\"><div class=\"l-section-h i-cf\"><div class=\"g-cols via_grid cols_2-1 laptops-cols_inherit tablets-cols_inherit mobiles-cols_1 valign_top type_default\"><div class=\"wpb_column vc_column_container\"><div class=\"vc_column-inner\"><div class=\"w-separator size_custom\" style=\"height:5vh\"><\/div><div class=\"g-cols wpb_row via_grid cols_1 laptops-cols_inherit tablets-cols_inherit mobiles-cols_1 valign_top type_default\"><div class=\"wpb_column vc_column_container\"><div class=\"vc_column-inner\"><div class=\"wpb_text_column us_custom_432d3f53\"><div class=\"wpb_wrapper\"><p>Analysis and adaptation of architectural, construction, and other technical projects of hotels is a process that implies the engagement of our managers and consultants in providing professional support to designers and engineers to create optimal design solutions that equally suit all aspects of the hotel business. It has been proven in practice that the presence of hospitality experts in the final works phase significantly contributes to the control of contractors and the reduction of possible subsequent costs that may arise due to the execution of works beyond the adopted projects.<\/p>\n<p>The goal of construction or refurbishment project optimization:<\/p>\n<ul>\n<li>Critical and risk points analysis<\/li>\n<li>Checking the designed areas and systems fitness for business,<\/li>\n<li>Checking the level of fulfillment of standards for facility categorization<\/li>\n<li>Facility content analysis against current target market requirements<\/li>\n<li>Cost savings through planned areas optimization<\/li>\n<li>More cost-effective facility outfitting and utilization<\/li>\n<li>Compliance with the necessary legal regulations<\/li>\n<li>Creating preconditions for the implementation of modern <a href=\"https:\/\/en.wikipedia.org\/wiki\/Quality_management_system\" target=\"_blank\" rel=\"noopener\">quality systems<\/a>,<\/li>\n<li>Meeting the specific requirements of the target guest segment<\/li>\n<li>The simplest and most cost-effective facility maintenance<\/li>\n<\/ul>\n<\/div><\/div><\/div><\/div><\/div><div class=\"w-separator size_custom\" style=\"height:5vh\"><\/div><\/div><\/div><div class=\"wpb_column vc_column_container\"><div class=\"vc_column-inner\"><section class=\"l-section wpb_row us_custom_1e5ab288 height_auto\"><div class=\"l-section-h i-cf\"><div class=\"g-cols via_grid cols_1 laptops-cols_inherit tablets-cols_inherit mobiles-cols_1 valign_top type_default\"><div class=\"wpb_column vc_column_container\"><div class=\"vc_column-inner\"><div class=\"g-cols wpb_row via_grid cols_1 laptops-cols_inherit tablets-cols_inherit mobiles-cols_1 valign_top type_default\"><div class=\"wpb_column vc_column_container\"><div class=\"vc_column-inner\"><div class=\"wpb_text_column us_custom_8f35adf7\"><div class=\"wpb_wrapper\"><p>Info<\/p>\n<\/div><\/div><div class=\"w-separator size_custom with_line width_30 thick_3 style_solid color_text align_center\" style=\"height:5vh\"><div class=\"w-separator-h\"><\/div><\/div><div class=\"w-iconbox us_custom_f73f4019 iconpos_left style_default color_contrast align_center no_title\"><a href=\"mailto:info@grus.rs\" class=\"w-iconbox-link\" aria-label=\"fal|envelope\"><div class=\"w-iconbox-icon\" style=\"font-size:1.5rem;\"><i class=\"fal fa-envelope\"><\/i><\/div><\/a><div class=\"w-iconbox-meta\"><div class=\"w-iconbox-text\"><p style=\"text-align: center;\">info@grus.rs<\/p>\n<\/div><\/div><\/div><div class=\"w-separator size_custom\" style=\"height:3vh\"><\/div><div class=\"w-iconbox us_custom_f73f4019 iconpos_left style_default color_contrast align_center no_title\"><a href=\"tel: 381 65 209 4933\" class=\"w-iconbox-link\" aria-label=\"fal|phone\"><div class=\"w-iconbox-icon\" style=\"font-size:1.5rem;\"><i class=\"fal fa-phone\"><\/i><\/div><\/a><div class=\"w-iconbox-meta\"><div class=\"w-iconbox-text\"><p style=\"text-align: center;\">+381 65 209 4933<\/p>\n<\/div><\/div><\/div><div class=\"w-separator size_custom\" style=\"height:3vh\"><\/div><div class=\"w-iconbox us_custom_f73f4019 iconpos_left style_default color_contrast align_center no_title\"><div class=\"w-iconbox-icon\" style=\"font-size:2rem;\"><i class=\"fal fa-clock\"><\/i><\/div><div class=\"w-iconbox-meta\"><div class=\"w-iconbox-text\"><p style=\"text-align: center;\">Mon \u2013 Fry: 08:00-16:00 h<\/p>\n<\/div><\/div><\/div><\/div><\/div><\/div><div class=\"g-cols wpb_row via_grid cols_1 laptops-cols_inherit tablets-cols_inherit mobiles-cols_1 valign_top type_default\"><div class=\"wpb_column vc_column_container\"><div class=\"vc_column-inner\"><div class=\"w-separator size_custom\" style=\"height:5vh\"><\/div><div class=\"wpb_text_column us_custom_8f35adf7\"><div class=\"wpb_wrapper\"><p>SERVICES<\/p>\n<\/div><\/div><div class=\"w-separator size_custom with_line width_30 thick_3 style_solid color_text align_center\" style=\"height:5vh\"><div class=\"w-separator-h\"><\/div><\/div><div class=\"w-separator size_custom\" style=\"height:2vh\"><\/div><div class=\"w-iconbox us_custom_88a47ef4 iconpos_left style_default color_contrast align_left no_title has_text_color\"><a title=\"HOTEL BUSINESS REORGANIZATION PROJECTS\" href=\"https:\/\/grus.rs\/en\/usluge\/projekti-reorganizacije-poslovanja-hotela\/\" class=\"w-iconbox-link\" aria-label=\"fal|analytics\"><div class=\"w-iconbox-icon\" style=\"font-size:1.5rem;\"><i class=\"fal fa-analytics\"><\/i><\/div><\/a><div class=\"w-iconbox-meta\"><div class=\"w-iconbox-text\"><p style=\"text-align: left;\"><span style=\"color: #3f4544;\"><a style=\"color: #3f4544;\" href=\"https:\/\/grus.rs\/en\/usluge\/projekti-reorganizacije-poslovanja-hotela\/\">HOTEL BUSINESS REORGANIZATION PROJECTS<\/a><\/span><\/p>\n<\/div><\/div><\/div><div class=\"w-separator size_custom\" style=\"height:3vh\"><\/div><div class=\"w-iconbox us_custom_1e0e9307 iconpos_left style_default color_contrast align_left no_title\"><a title=\"\u041ebuke u treninzi z\u0430p\u043esl\u0435nih\" href=\"https:\/\/grus.rs\/en\/usluge\/obuke-i-treninzi-zaposlenih\/\" class=\"w-iconbox-link\" aria-label=\"fal|people-arrows\"><div class=\"w-iconbox-icon\" style=\"font-size:1.5rem;\"><i class=\"fal fa-people-arrows\"><\/i><\/div><\/a><div class=\"w-iconbox-meta\"><div class=\"w-iconbox-text\"><p style=\"text-align: left;\"><span style=\"color: #3f4544;\"><a style=\"color: #3f4544;\" href=\"https:\/\/grus.rs\/en\/usluge\/obuke-i-treninzi-zaposlenih\/\">HOTEL EMPLOYEES TRAINING<\/a><\/span><\/p>\n<\/div><\/div><\/div><div class=\"w-separator size_custom\" style=\"height:3vh\"><\/div><div class=\"w-iconbox us_custom_1e0e9307 iconpos_left style_default color_contrast align_left no_title\"><a title=\"SUPPORT FOR CONSTRUCTION OR RECONSTRUCTION PROJECTS\" href=\"https:\/\/grus.rs\/en\/usluge\/podrska-projektima-izgradnje-ili-rekonstrukcije\/\" class=\"w-iconbox-link\" aria-label=\"fal|project-diagram\"><div class=\"w-iconbox-icon\" style=\"font-size:1.5rem;\"><i class=\"fal fa-project-diagram\"><\/i><\/div><\/a><div class=\"w-iconbox-meta\"><div class=\"w-iconbox-text\"><p style=\"text-align: left;\"><span style=\"color: #3f4544;\"><a style=\"color: #3f4544;\" href=\"https:\/\/grus.rs\/en\/usluge\/podrska-projektima-izgradnje-ili-rekonstrukcije\/\">SUPPORT FOR CONSTRUCTION OR RECONSTRUCTION PROJECTS<\/a><\/span><\/p>\n<\/div><\/div><\/div><div class=\"w-separator size_custom\" style=\"height:3vh\"><\/div><div class=\"w-iconbox us_custom_1e0e9307 iconpos_left style_default color_contrast align_left no_title\"><a title=\"PREPARATION OF FACILITIES FOR OPENING\" href=\"https:\/\/grus.rs\/en\/usluge\/priprema-objekata-za-otvaranje\/\" class=\"w-iconbox-link\" aria-label=\"fal|building\"><div class=\"w-iconbox-icon\" style=\"font-size:1.5rem;\"><i class=\"fal fa-building\"><\/i><\/div><\/a><div class=\"w-iconbox-meta\"><div class=\"w-iconbox-text\"><p style=\"text-align: left;\"><span style=\"color: #3f4544;\"><a style=\"color: #3f4544;\" href=\"https:\/\/grus.rs\/en\/usluge\/priprema-objekata-za-otvaranje\/\">PREPARATION OF FACILITIES FOR OPENING<\/a><\/span><\/p>\n<\/div><\/div><\/div><div class=\"w-separator size_custom\" style=\"height:3vh\"><\/div><div class=\"w-iconbox us_custom_1e0e9307 iconpos_left style_default color_contrast align_left no_title\"><a title=\"ANALYSIS AND PLAN DEVELOPMENT\" href=\"https:\/\/grus.rs\/en\/usluge\/izrada-analiza-i-planova\/\" class=\"w-iconbox-link\" aria-label=\"fal|chart-area\"><div class=\"w-iconbox-icon\" style=\"font-size:1.5rem;\"><i class=\"fal fa-chart-area\"><\/i><\/div><\/a><div class=\"w-iconbox-meta\"><div class=\"w-iconbox-text\"><p style=\"text-align: left;\"><span style=\"color: #3f4544;\"><a style=\"color: #3f4544;\" href=\"https:\/\/grus.rs\/en\/usluge\/izrada-analiza-i-planova\/\">ANALYSIS AND PLAN DEVELOPMENT<\/a><\/span><\/p>\n<\/div><\/div><\/div><div class=\"w-separator size_custom\" style=\"height:3vh\"><\/div><div class=\"w-iconbox us_custom_1e0e9307 iconpos_left style_default color_contrast align_left no_title\"><a title=\"INTERIM MANAGEMENT\" href=\"https:\/\/grus.rs\/en\/usluge\/interim-menadzment-privremeno-upravljanje\/\" class=\"w-iconbox-link\" aria-label=\"fal|tasks\"><div class=\"w-iconbox-icon\" style=\"font-size:1.5rem;\"><i class=\"fal fa-tasks\"><\/i><\/div><\/a><div class=\"w-iconbox-meta\"><div class=\"w-iconbox-text\"><p style=\"text-align: left;\"><span style=\"color: #3f4544;\"><a style=\"color: #3f4544;\" href=\"https:\/\/grus.rs\/en\/usluge\/interim-menadzment-privremeno-upravljanje\/\">INTERIM MANAGEMENT<\/a><\/span><\/p>\n<\/div><\/div><\/div><\/div><\/div><\/div><div class=\"w-separator size_custom\" style=\"height:10vh\"><\/div><\/div><\/div><\/div><\/div><\/section>\n<\/div><\/div><\/div><\/div><\/section>","protected":false},"excerpt":{"rendered":"Podr\u0161ka projektima izgradnje ili rekonstrukcije hotelaPodr\u0161ka projektima izgradnje ili rekonstrukcije hotela podrazumeva anga\u017eovanje na\u0161ih menad\u017eera i konsultanata na pru\u017eanju stru\u010dne podr\u0161ke projektantima i in\u017eenjerima u cilju izrade optimalnih projektnih re\u0161enja koja podjednako odgovaraju svim aspektima poslovanja u hotelijerstvu. U periodu zavr\u0161nih radova dokazano je u praksi da prisustvo stru\u010dnjaka iz oblasti hotelijerstva i restoraterstva zna\u010dajno...","protected":false},"author":1,"featured_media":0,"parent":1481,"menu_order":3,"comment_status":"closed","ping_status":"closed","template":"","meta":{"footnotes":""},"class_list":["post-1459","page","type-page","status-publish","hentry"],"yoast_head":"<!-- This site is optimized with the Yoast SEO plugin v17.4 - https:\/\/yoast.com\/wordpress\/plugins\/seo\/ -->\n<title>Podr\u0161ka projektima izgradnje ili rekonstrukcije hotela<\/title>\n<meta name=\"description\" content=\"Podr\u0161ka projektima izgradnje ili rekonstrukcije hotela u cilju izrade optimalnih projektnih re\u0161enja i izgradnje hotelskih objekata.\" \/>\n<meta name=\"robots\" content=\"index, follow, max-snippet:-1, max-image-preview:large, max-video-preview:-1\" \/>\n<link rel=\"canonical\" href=\"https:\/\/grus.rs\/en\/konsalting-i-menadzment-u-turizmu\/podrska-projektima-izgradnje-ili-rekonstrukcije-hotela\/\" \/>\n<meta property=\"og:locale\" content=\"en_US\" \/>\n<meta property=\"og:type\" content=\"article\" \/>\n<meta property=\"og:title\" content=\"Podr\u0161ka projektima izgradnje ili rekonstrukcije hotela\" \/>\n<meta property=\"og:description\" content=\"Podr\u0161ka projektima izgradnje ili rekonstrukcije hotela u cilju izrade optimalnih projektnih re\u0161enja i izgradnje hotelskih objekata.\" \/>\n<meta property=\"og:url\" content=\"https:\/\/grus.rs\/en\/konsalting-i-menadzment-u-turizmu\/podrska-projektima-izgradnje-ili-rekonstrukcije-hotela\/\" \/>\n<meta property=\"og:site_name\" content=\"Grus Hospitality Management\" \/>\n<meta property=\"article:publisher\" content=\"https:\/\/www.facebook.com\/GrusHospitality\" \/>\n<meta property=\"article:modified_time\" content=\"2021-11-02T14:44:37+00:00\" \/>\n<meta name=\"twitter:card\" content=\"summary_large_image\" \/>\n<meta name=\"twitter:label1\" content=\"Est. reading time\" \/>\n\t<meta name=\"twitter:data1\" content=\"1 minute\" \/>\n<script type=\"application\/ld+json\" class=\"yoast-schema-graph\">{\"@context\":\"https:\/\/schema.org\",\"@graph\":[{\"@type\":\"Organization\",\"@id\":\"https:\/\/grus.rs\/#organization\",\"name\":\"Grus Hospitality Management\",\"url\":\"https:\/\/grus.rs\/\",\"sameAs\":[\"https:\/\/www.facebook.com\/GrusHospitality\",\"https:\/\/www.linkedin.com\/company\/grus-hospitality-management\/\"],\"logo\":{\"@type\":\"ImageObject\",\"@id\":\"https:\/\/grus.rs\/#logo\",\"inLanguage\":\"en-US\",\"url\":\"https:\/\/grus.rs\/wp-content\/uploads\/2021\/09\/logo-transparent.png\",\"contentUrl\":\"https:\/\/grus.rs\/wp-content\/uploads\/2021\/09\/logo-transparent.png\",\"width\":1275,\"height\":369,\"caption\":\"Grus Hospitality Management\"},\"image\":{\"@id\":\"https:\/\/grus.rs\/#logo\"}},{\"@type\":\"WebSite\",\"@id\":\"https:\/\/grus.rs\/#website\",\"url\":\"https:\/\/grus.rs\/\",\"name\":\"Grus Hospitality Management\",\"description\":\"\",\"publisher\":{\"@id\":\"https:\/\/grus.rs\/#organization\"},\"potentialAction\":[{\"@type\":\"SearchAction\",\"target\":{\"@type\":\"EntryPoint\",\"urlTemplate\":\"https:\/\/grus.rs\/?s={search_term_string}\"},\"query-input\":\"required name=search_term_string\"}],\"inLanguage\":\"en-US\"},{\"@type\":\"WebPage\",\"@id\":\"https:\/\/grus.rs\/konsalting-i-menadzment-u-turizmu\/podrska-projektima-izgradnje-ili-rekonstrukcije-hotela\/#webpage\",\"url\":\"https:\/\/grus.rs\/konsalting-i-menadzment-u-turizmu\/podrska-projektima-izgradnje-ili-rekonstrukcije-hotela\/\",\"name\":\"Podr\\u0161ka projektima izgradnje ili rekonstrukcije hotela\",\"isPartOf\":{\"@id\":\"https:\/\/grus.rs\/#website\"},\"datePublished\":\"2021-09-22T21:15:15+00:00\",\"dateModified\":\"2021-11-02T14:44:37+00:00\",\"description\":\"Podr\\u0161ka projektima izgradnje ili rekonstrukcije hotela u cilju izrade optimalnih projektnih re\\u0161enja i izgradnje hotelskih objekata.\",\"breadcrumb\":{\"@id\":\"https:\/\/grus.rs\/konsalting-i-menadzment-u-turizmu\/podrska-projektima-izgradnje-ili-rekonstrukcije-hotela\/#breadcrumb\"},\"inLanguage\":\"en-US\",\"potentialAction\":[{\"@type\":\"ReadAction\",\"target\":[\"https:\/\/grus.rs\/konsalting-i-menadzment-u-turizmu\/podrska-projektima-izgradnje-ili-rekonstrukcije-hotela\/\"]}]},{\"@type\":\"BreadcrumbList\",\"@id\":\"https:\/\/grus.rs\/konsalting-i-menadzment-u-turizmu\/podrska-projektima-izgradnje-ili-rekonstrukcije-hotela\/#breadcrumb\",\"itemListElement\":[{\"@type\":\"ListItem\",\"position\":1,\"name\":\"Po\\u010detna\",\"item\":\"https:\/\/grus.rs\/\"},{\"@type\":\"ListItem\",\"position\":2,\"name\":\"Usluge\",\"item\":\"https:\/\/grus.rs\/konsalting-i-menadzment-u-turizmu\/\"},{\"@type\":\"ListItem\",\"position\":3,\"name\":\"Podr\\u0161ka projektima izgradnje ili rekonstrukcije hotela\"}]}]}<\/script>\n<!-- \/ Yoast SEO plugin. -->","yoast_head_json":{"title":"Podr\u0161ka projektima izgradnje ili rekonstrukcije hotela","description":"Podr\u0161ka projektima izgradnje ili rekonstrukcije hotela u cilju izrade optimalnih projektnih re\u0161enja i izgradnje hotelskih objekata.","robots":{"index":"index","follow":"follow","max-snippet":"max-snippet:-1","max-image-preview":"max-image-preview:large","max-video-preview":"max-video-preview:-1"},"canonical":"https:\/\/grus.rs\/en\/konsalting-i-menadzment-u-turizmu\/podrska-projektima-izgradnje-ili-rekonstrukcije-hotela\/","og_locale":"en_US","og_type":"article","og_title":"Podr\u0161ka projektima izgradnje ili rekonstrukcije hotela","og_description":"Podr\u0161ka projektima izgradnje ili rekonstrukcije hotela u cilju izrade optimalnih projektnih re\u0161enja i izgradnje hotelskih objekata.","og_url":"https:\/\/grus.rs\/en\/konsalting-i-menadzment-u-turizmu\/podrska-projektima-izgradnje-ili-rekonstrukcije-hotela\/","og_site_name":"Grus Hospitality Management","article_publisher":"https:\/\/www.facebook.com\/GrusHospitality","article_modified_time":"2021-11-02T14:44:37+00:00","twitter_card":"summary_large_image","twitter_misc":{"Est. reading time":"1 minute"},"schema":{"@context":"https:\/\/schema.org","@graph":[{"@type":"Organization","@id":"https:\/\/grus.rs\/#organization","name":"Grus Hospitality Management","url":"https:\/\/grus.rs\/","sameAs":["https:\/\/www.facebook.com\/GrusHospitality","https:\/\/www.linkedin.com\/company\/grus-hospitality-management\/"],"logo":{"@type":"ImageObject","@id":"https:\/\/grus.rs\/#logo","inLanguage":"en-US","url":"https:\/\/grus.rs\/wp-content\/uploads\/2021\/09\/logo-transparent.png","contentUrl":"https:\/\/grus.rs\/wp-content\/uploads\/2021\/09\/logo-transparent.png","width":1275,"height":369,"caption":"Grus Hospitality Management"},"image":{"@id":"https:\/\/grus.rs\/#logo"}},{"@type":"WebSite","@id":"https:\/\/grus.rs\/#website","url":"https:\/\/grus.rs\/","name":"Grus Hospitality Management","description":"","publisher":{"@id":"https:\/\/grus.rs\/#organization"},"potentialAction":[{"@type":"SearchAction","target":{"@type":"EntryPoint","urlTemplate":"https:\/\/grus.rs\/?s={search_term_string}"},"query-input":"required name=search_term_string"}],"inLanguage":"en-US"},{"@type":"WebPage","@id":"https:\/\/grus.rs\/konsalting-i-menadzment-u-turizmu\/podrska-projektima-izgradnje-ili-rekonstrukcije-hotela\/#webpage","url":"https:\/\/grus.rs\/konsalting-i-menadzment-u-turizmu\/podrska-projektima-izgradnje-ili-rekonstrukcije-hotela\/","name":"Podr\u0161ka projektima izgradnje ili rekonstrukcije hotela","isPartOf":{"@id":"https:\/\/grus.rs\/#website"},"datePublished":"2021-09-22T21:15:15+00:00","dateModified":"2021-11-02T14:44:37+00:00","description":"Podr\u0161ka projektima izgradnje ili rekonstrukcije hotela u cilju izrade optimalnih projektnih re\u0161enja i izgradnje hotelskih objekata.","breadcrumb":{"@id":"https:\/\/grus.rs\/konsalting-i-menadzment-u-turizmu\/podrska-projektima-izgradnje-ili-rekonstrukcije-hotela\/#breadcrumb"},"inLanguage":"en-US","potentialAction":[{"@type":"ReadAction","target":["https:\/\/grus.rs\/konsalting-i-menadzment-u-turizmu\/podrska-projektima-izgradnje-ili-rekonstrukcije-hotela\/"]}]},{"@type":"BreadcrumbList","@id":"https:\/\/grus.rs\/konsalting-i-menadzment-u-turizmu\/podrska-projektima-izgradnje-ili-rekonstrukcije-hotela\/#breadcrumb","itemListElement":[{"@type":"ListItem","position":1,"name":"Po\u010detna","item":"https:\/\/grus.rs\/"},{"@type":"ListItem","position":2,"name":"Usluge","item":"https:\/\/grus.rs\/konsalting-i-menadzment-u-turizmu\/"},{"@type":"ListItem","position":3,"name":"Podr\u0161ka projektima izgradnje ili rekonstrukcije hotela"}]}]}},"_links":{"self":[{"href":"https:\/\/grus.rs\/en\/wp-json\/wp\/v2\/pages\/1459","targetHints":{"allow":["GET"]}}],"collection":[{"href":"https:\/\/grus.rs\/en\/wp-json\/wp\/v2\/pages"}],"about":[{"href":"https:\/\/grus.rs\/en\/wp-json\/wp\/v2\/types\/page"}],"author":[{"embeddable":true,"href":"https:\/\/grus.rs\/en\/wp-json\/wp\/v2\/users\/1"}],"replies":[{"embeddable":true,"href":"https:\/\/grus.rs\/en\/wp-json\/wp\/v2\/comments?post=1459"}],"version-history":[{"count":10,"href":"https:\/\/grus.rs\/en\/wp-json\/wp\/v2\/pages\/1459\/revisions"}],"predecessor-version":[{"id":1664,"href":"https:\/\/grus.rs\/en\/wp-json\/wp\/v2\/pages\/1459\/revisions\/1664"}],"up":[{"embeddable":true,"href":"https:\/\/grus.rs\/en\/wp-json\/wp\/v2\/pages\/1481"}],"wp:attachment":[{"href":"https:\/\/grus.rs\/en\/wp-json\/wp\/v2\/media?parent=1459"}],"curies":[{"name":"wp","href":"https:\/\/api.w.org\/{rel}","templated":true}]}}