{"id":1453,"date":"2021-09-22T23:09:05","date_gmt":"2021-09-22T21:09:05","guid":{"rendered":"https:\/\/grus.rs\/?page_id=1453"},"modified":"2021-11-02T14:42:23","modified_gmt":"2021-11-02T13:42:23","slug":"unapredjenje-poslovanja-hotela","status":"publish","type":"page","link":"https:\/\/grus.rs\/en\/konsalting-i-menadzment-u-turizmu\/unapredjenje-poslovanja-hotela\/","title":{"rendered":"REORGANIZATION AND ENHANCEMENT OF HOTEL BUSINESS"},"content":{"rendered":"<section class=\"l-section wpb_row height_auto color_primary with_img parallax_hor bgwidth_120\"><div class=\"l-section-img\" style=\"background-image: url(https:\/\/grus.rs\/wp-content\/uploads\/2021\/09\/hotel2.jpg);\" data-img-width=\"2000\" data-img-height=\"1333\"><\/div><div class=\"l-section-overlay\" style=\"background:rgba(2,2,2,0.67)\"><\/div><div class=\"l-section-h i-cf\"><div class=\"g-cols via_grid cols_1 laptops-cols_inherit tablets-cols_inherit mobiles-cols_1 valign_top type_default\"><div class=\"wpb_column vc_column_container\"><div class=\"vc_column-inner\"><div class=\"w-separator size_custom\" style=\"height:10vh\"><\/div><h1 style=\"font-size: 3rem;text-align: center\" class=\"vc_custom_heading us_custom_72d5d8ae\" >REORGANIZATION AND ENHANCEMENT OF HOTEL BUSINESS<\/h1><div class=\"w-separator size_custom\" style=\"height:5vh\"><\/div><div class=\"w-iconbox iconpos_top style_default color_custom align_center no_title no_text\"><a href=\"#intro\" class=\"w-iconbox-link\" aria-label=\"far|chevron-down\"><div class=\"w-iconbox-icon\" style=\"font-size:3rem;color:#ffffff;\"><i class=\"far fa-chevron-down\"><\/i><\/div><\/a><div class=\"w-iconbox-meta\"><\/div><\/div><div class=\"w-separator size_custom\" style=\"height:5vh\"><\/div><\/div><\/div><\/div><\/div><\/section><section class=\"l-section wpb_row height_auto color_alternate\" id=\"intro\"><div class=\"l-section-h i-cf\"><div class=\"g-cols via_grid cols_2-1 laptops-cols_inherit tablets-cols_inherit mobiles-cols_1 valign_top type_default\"><div class=\"wpb_column vc_column_container\"><div class=\"vc_column-inner\"><div class=\"w-separator size_custom\" style=\"height:5vh\"><\/div><div class=\"g-cols wpb_row via_grid cols_1 laptops-cols_inherit tablets-cols_inherit mobiles-cols_1 valign_top type_default\"><div class=\"wpb_column vc_column_container\"><div class=\"vc_column-inner\"><div class=\"wpb_text_column us_custom_432d3f53\"><div class=\"wpb_wrapper\"><p>Business reorganization and enhancement is a process of analyzing the existing business and defining new organizational measures that need to be implemented for the hotel to operate to meet the requirements of a particular market segment.<\/p>\n<p><u>CURRENT SITUATION ASSESSMENT<\/u><\/p>\n<p>This analysis includes the following activities:<\/p>\n<ul>\n<li>General analysis of location, technological capacities, and service levels<\/li>\n<li>Analysis of current market positioning<\/li>\n<li>Price policy analysis<\/li>\n<li>Existing human resources analysis<\/li>\n<li>Analysis of operational standards in work<\/li>\n<li>Financial performance analysis<\/li>\n<li>Analysis of facilities technical condition<\/li>\n<\/ul>\n<p><u>DEFINING OPTIMAL HOTEL PRODUCT<\/u><\/p>\n<p>Input parameters defined in the previous phase (Current situation assessment) are used to define the available, i.e., realizable hotel product.<\/p>\n<p>Reorganization and enhancement of hotel business includes:<\/p>\n<ul>\n<li>Basic hotel concept and theme<\/li>\n<li>Category<\/li>\n<li>Products and service description<\/li>\n<li>Quality and service level<\/li>\n<li>Unique elements that set the hotel apart<\/li>\n<li>The image that needs to be achieved<\/li>\n<li>Key success factor<\/li>\n<\/ul>\n<p><u>BUSINESS ENHANCEMENT<\/u><\/p>\n<p>After the analysis of the existing situation and established parameters and after defining the optimal hotel product, the process of business enhancement is approached through the following activities:<\/p>\n<ul>\n<li>Organizational structure redefining<\/li>\n<li>Delegating responsibilities and tasks within the business improvement process<\/li>\n<li>Implementation of operational procedures with standards and instructions for work<\/li>\n<li>Employee training by the instructions from the operating procedures<\/li>\n<li class=\" translation-block\">Marketing plan development<\/li>\n<li>Cooperation with management in operating budget planning process<\/li>\n<li>Preparation of 12-month operating budget<\/li>\n<li>Business control system implementation<\/li>\n<\/ul>\n<\/div><\/div><\/div><\/div><\/div><div class=\"w-separator size_custom\" style=\"height:5vh\"><\/div><\/div><\/div><div class=\"wpb_column vc_column_container\"><div class=\"vc_column-inner\"><section class=\"l-section wpb_row us_custom_1e5ab288 height_auto\"><div class=\"l-section-h i-cf\"><div class=\"g-cols via_grid cols_1 laptops-cols_inherit tablets-cols_inherit mobiles-cols_1 valign_top type_default\"><div class=\"wpb_column vc_column_container\"><div class=\"vc_column-inner\"><div class=\"g-cols wpb_row via_grid cols_1 laptops-cols_inherit tablets-cols_inherit mobiles-cols_1 valign_top type_default\"><div class=\"wpb_column vc_column_container\"><div class=\"vc_column-inner\"><div class=\"wpb_text_column us_custom_8f35adf7\"><div class=\"wpb_wrapper\"><p>Info<\/p>\n<\/div><\/div><div class=\"w-separator size_custom with_line width_30 thick_3 style_solid color_text align_center\" style=\"height:5vh\"><div class=\"w-separator-h\"><\/div><\/div><div class=\"w-iconbox us_custom_f73f4019 iconpos_left style_default color_contrast align_center no_title\"><a href=\"mailto:info@grus.rs\" class=\"w-iconbox-link\" aria-label=\"fal|envelope\"><div class=\"w-iconbox-icon\" style=\"font-size:1.5rem;\"><i class=\"fal fa-envelope\"><\/i><\/div><\/a><div class=\"w-iconbox-meta\"><div class=\"w-iconbox-text\"><p style=\"text-align: center;\">info@grus.rs<\/p>\n<\/div><\/div><\/div><div class=\"w-separator size_custom\" style=\"height:3vh\"><\/div><div class=\"w-iconbox us_custom_f73f4019 iconpos_left style_default color_contrast align_center no_title\"><a href=\"tel: 381 65 209 4933\" class=\"w-iconbox-link\" aria-label=\"fal|phone\"><div class=\"w-iconbox-icon\" style=\"font-size:1.5rem;\"><i class=\"fal fa-phone\"><\/i><\/div><\/a><div class=\"w-iconbox-meta\"><div class=\"w-iconbox-text\"><p style=\"text-align: center;\">+381 65 209 4933<\/p>\n<\/div><\/div><\/div><div class=\"w-separator size_custom\" style=\"height:3vh\"><\/div><div class=\"w-iconbox us_custom_f73f4019 iconpos_left style_default color_contrast align_center no_title\"><div class=\"w-iconbox-icon\" style=\"font-size:2rem;\"><i class=\"fal fa-clock\"><\/i><\/div><div class=\"w-iconbox-meta\"><div class=\"w-iconbox-text\"><p style=\"text-align: center;\">Mon \u2013 Fry: 08:00-16:00 h<\/p>\n<\/div><\/div><\/div><\/div><\/div><\/div><div class=\"g-cols wpb_row via_grid cols_1 laptops-cols_inherit tablets-cols_inherit mobiles-cols_1 valign_top type_default\"><div class=\"wpb_column vc_column_container\"><div class=\"vc_column-inner\"><div class=\"w-separator size_custom\" style=\"height:5vh\"><\/div><div class=\"wpb_text_column us_custom_8f35adf7\"><div class=\"wpb_wrapper\"><p>SERVICES<\/p>\n<\/div><\/div><div class=\"w-separator size_custom with_line width_30 thick_3 style_solid color_text align_center\" style=\"height:5vh\"><div class=\"w-separator-h\"><\/div><\/div><div class=\"w-separator size_custom\" style=\"height:2vh\"><\/div><div class=\"w-iconbox us_custom_88a47ef4 iconpos_left style_default color_contrast align_left no_title has_text_color\"><a title=\"HOTEL BUSINESS REORGANIZATION PROJECTS\" href=\"https:\/\/grus.rs\/en\/usluge\/projekti-reorganizacije-poslovanja-hotela\/\" class=\"w-iconbox-link\" aria-label=\"fal|analytics\"><div class=\"w-iconbox-icon\" style=\"font-size:1.5rem;\"><i class=\"fal fa-analytics\"><\/i><\/div><\/a><div class=\"w-iconbox-meta\"><div class=\"w-iconbox-text\"><p style=\"text-align: left;\"><span style=\"color: #3f4544;\"><a style=\"color: #3f4544;\" href=\"https:\/\/grus.rs\/en\/usluge\/projekti-reorganizacije-poslovanja-hotela\/\">HOTEL BUSINESS REORGANIZATION PROJECTS<\/a><\/span><\/p>\n<\/div><\/div><\/div><div class=\"w-separator size_custom\" style=\"height:3vh\"><\/div><div class=\"w-iconbox us_custom_1e0e9307 iconpos_left style_default color_contrast align_left no_title\"><a title=\"\u041ebuke u treninzi z\u0430p\u043esl\u0435nih\" href=\"https:\/\/grus.rs\/en\/usluge\/obuke-i-treninzi-zaposlenih\/\" class=\"w-iconbox-link\" aria-label=\"fal|people-arrows\"><div class=\"w-iconbox-icon\" style=\"font-size:1.5rem;\"><i class=\"fal fa-people-arrows\"><\/i><\/div><\/a><div class=\"w-iconbox-meta\"><div class=\"w-iconbox-text\"><p style=\"text-align: left;\"><span style=\"color: #3f4544;\"><a style=\"color: #3f4544;\" href=\"https:\/\/grus.rs\/en\/usluge\/obuke-i-treninzi-zaposlenih\/\">HOTEL EMPLOYEES TRAINING<\/a><\/span><\/p>\n<\/div><\/div><\/div><div class=\"w-separator size_custom\" style=\"height:3vh\"><\/div><div class=\"w-iconbox us_custom_1e0e9307 iconpos_left style_default color_contrast align_left no_title\"><a title=\"SUPPORT FOR CONSTRUCTION OR RECONSTRUCTION PROJECTS\" href=\"https:\/\/grus.rs\/en\/usluge\/podrska-projektima-izgradnje-ili-rekonstrukcije\/\" class=\"w-iconbox-link\" aria-label=\"fal|project-diagram\"><div class=\"w-iconbox-icon\" style=\"font-size:1.5rem;\"><i class=\"fal fa-project-diagram\"><\/i><\/div><\/a><div class=\"w-iconbox-meta\"><div class=\"w-iconbox-text\"><p style=\"text-align: left;\"><span style=\"color: #3f4544;\"><a style=\"color: #3f4544;\" href=\"https:\/\/grus.rs\/en\/usluge\/podrska-projektima-izgradnje-ili-rekonstrukcije\/\">SUPPORT FOR CONSTRUCTION OR RECONSTRUCTION PROJECTS<\/a><\/span><\/p>\n<\/div><\/div><\/div><div class=\"w-separator size_custom\" style=\"height:3vh\"><\/div><div class=\"w-iconbox us_custom_1e0e9307 iconpos_left style_default color_contrast align_left no_title\"><a title=\"PREPARATION OF FACILITIES FOR OPENING\" href=\"https:\/\/grus.rs\/en\/usluge\/priprema-objekata-za-otvaranje\/\" class=\"w-iconbox-link\" aria-label=\"fal|building\"><div class=\"w-iconbox-icon\" style=\"font-size:1.5rem;\"><i class=\"fal fa-building\"><\/i><\/div><\/a><div class=\"w-iconbox-meta\"><div class=\"w-iconbox-text\"><p style=\"text-align: left;\"><span style=\"color: #3f4544;\"><a style=\"color: #3f4544;\" href=\"https:\/\/grus.rs\/en\/usluge\/priprema-objekata-za-otvaranje\/\">PREPARATION OF FACILITIES FOR OPENING<\/a><\/span><\/p>\n<\/div><\/div><\/div><div class=\"w-separator size_custom\" style=\"height:3vh\"><\/div><div class=\"w-iconbox us_custom_1e0e9307 iconpos_left style_default color_contrast align_left no_title\"><a title=\"ANALYSIS AND PLAN DEVELOPMENT\" href=\"https:\/\/grus.rs\/en\/usluge\/izrada-analiza-i-planova\/\" class=\"w-iconbox-link\" aria-label=\"fal|chart-area\"><div class=\"w-iconbox-icon\" style=\"font-size:1.5rem;\"><i class=\"fal fa-chart-area\"><\/i><\/div><\/a><div class=\"w-iconbox-meta\"><div class=\"w-iconbox-text\"><p style=\"text-align: left;\"><span style=\"color: #3f4544;\"><a style=\"color: #3f4544;\" href=\"https:\/\/grus.rs\/en\/usluge\/izrada-analiza-i-planova\/\">ANALYSIS AND PLAN DEVELOPMENT<\/a><\/span><\/p>\n<\/div><\/div><\/div><div class=\"w-separator size_custom\" style=\"height:3vh\"><\/div><div class=\"w-iconbox us_custom_1e0e9307 iconpos_left style_default color_contrast align_left no_title\"><a title=\"INTERIM MANAGEMENT\" href=\"https:\/\/grus.rs\/en\/usluge\/interim-menadzment-privremeno-upravljanje\/\" class=\"w-iconbox-link\" aria-label=\"fal|tasks\"><div class=\"w-iconbox-icon\" style=\"font-size:1.5rem;\"><i class=\"fal fa-tasks\"><\/i><\/div><\/a><div class=\"w-iconbox-meta\"><div class=\"w-iconbox-text\"><p style=\"text-align: left;\"><span style=\"color: #3f4544;\"><a style=\"color: #3f4544;\" href=\"https:\/\/grus.rs\/en\/usluge\/interim-menadzment-privremeno-upravljanje\/\">INTERIM MANAGEMENT<\/a><\/span><\/p>\n<\/div><\/div><\/div><\/div><\/div><\/div><div class=\"w-separator size_custom\" style=\"height:10vh\"><\/div><\/div><\/div><\/div><\/div><\/section>\n<\/div><\/div><\/div><\/div><\/section>","protected":false},"excerpt":{"rendered":"Reorganizacija i unapre\u0111enje poslovanja hotelaReorganizacija i unapre\u0111enje poslovanja hotela podrazumeva analiziranje postoje\u0107eg poslovanja i definisanje novih organizacionih mera koje je neophodno sprovesti kako bi hotel mogao da posluje u skladu sa zahtevima odre\u0111enog segmenta tr\u017ei\u0161ta. OCENA POSTOJE\u0106EG STANJA Ova analiza obuhvata slede\u0107e aktivnosti: Op\u0161ta analiza lokacije, tehnolo\u0161ke opremljenosti i nivoa usluga Analiza trenutne tr\u017ei\u0161ne pozicioniranosti...","protected":false},"author":1,"featured_media":0,"parent":1481,"menu_order":1,"comment_status":"closed","ping_status":"closed","template":"","meta":{"footnotes":""},"class_list":["post-1453","page","type-page","status-publish","hentry"],"yoast_head":"<!-- This site is optimized with the Yoast SEO plugin v17.4 - https:\/\/yoast.com\/wordpress\/plugins\/seo\/ -->\n<title>Reorganizacija i unapre\u0111enje poslovanja hotela<\/title>\n<meta name=\"description\" content=\"Reorganizacija i unapre\u0111enje poslovanja hotela podrazumeva analiziranje postoje\u0107eg poslovanja i definisanje novih mera.\" \/>\n<meta name=\"robots\" content=\"index, follow, max-snippet:-1, max-image-preview:large, max-video-preview:-1\" \/>\n<link rel=\"canonical\" href=\"https:\/\/grus.rs\/en\/konsalting-i-menadzment-u-turizmu\/unapredjenje-poslovanja-hotela\/\" \/>\n<meta property=\"og:locale\" content=\"en_US\" \/>\n<meta property=\"og:type\" content=\"article\" \/>\n<meta property=\"og:title\" content=\"Reorganizacija i unapre\u0111enje poslovanja hotela\" \/>\n<meta property=\"og:description\" content=\"Reorganizacija i unapre\u0111enje poslovanja hotela podrazumeva analiziranje postoje\u0107eg poslovanja i definisanje novih mera.\" \/>\n<meta property=\"og:url\" content=\"https:\/\/grus.rs\/en\/konsalting-i-menadzment-u-turizmu\/unapredjenje-poslovanja-hotela\/\" \/>\n<meta property=\"og:site_name\" content=\"Grus Hospitality Management\" \/>\n<meta property=\"article:publisher\" content=\"https:\/\/www.facebook.com\/GrusHospitality\" \/>\n<meta property=\"article:modified_time\" content=\"2021-11-02T13:42:23+00:00\" \/>\n<meta name=\"twitter:card\" content=\"summary_large_image\" \/>\n<meta name=\"twitter:label1\" content=\"Est. reading time\" \/>\n\t<meta name=\"twitter:data1\" content=\"2 minutes\" \/>\n<script type=\"application\/ld+json\" class=\"yoast-schema-graph\">{\"@context\":\"https:\/\/schema.org\",\"@graph\":[{\"@type\":\"Organization\",\"@id\":\"https:\/\/grus.rs\/#organization\",\"name\":\"Grus Hospitality Management\",\"url\":\"https:\/\/grus.rs\/\",\"sameAs\":[\"https:\/\/www.facebook.com\/GrusHospitality\",\"https:\/\/www.linkedin.com\/company\/grus-hospitality-management\/\"],\"logo\":{\"@type\":\"ImageObject\",\"@id\":\"https:\/\/grus.rs\/#logo\",\"inLanguage\":\"en-US\",\"url\":\"https:\/\/grus.rs\/wp-content\/uploads\/2021\/09\/logo-transparent.png\",\"contentUrl\":\"https:\/\/grus.rs\/wp-content\/uploads\/2021\/09\/logo-transparent.png\",\"width\":1275,\"height\":369,\"caption\":\"Grus Hospitality Management\"},\"image\":{\"@id\":\"https:\/\/grus.rs\/#logo\"}},{\"@type\":\"WebSite\",\"@id\":\"https:\/\/grus.rs\/#website\",\"url\":\"https:\/\/grus.rs\/\",\"name\":\"Grus Hospitality Management\",\"description\":\"\",\"publisher\":{\"@id\":\"https:\/\/grus.rs\/#organization\"},\"potentialAction\":[{\"@type\":\"SearchAction\",\"target\":{\"@type\":\"EntryPoint\",\"urlTemplate\":\"https:\/\/grus.rs\/?s={search_term_string}\"},\"query-input\":\"required name=search_term_string\"}],\"inLanguage\":\"en-US\"},{\"@type\":\"WebPage\",\"@id\":\"https:\/\/grus.rs\/konsalting-i-menadzment-u-turizmu\/unapredjenje-poslovanja-hotela\/#webpage\",\"url\":\"https:\/\/grus.rs\/konsalting-i-menadzment-u-turizmu\/unapredjenje-poslovanja-hotela\/\",\"name\":\"Reorganizacija i unapre\\u0111enje poslovanja hotela\",\"isPartOf\":{\"@id\":\"https:\/\/grus.rs\/#website\"},\"datePublished\":\"2021-09-22T21:09:05+00:00\",\"dateModified\":\"2021-11-02T13:42:23+00:00\",\"description\":\"Reorganizacija i unapre\\u0111enje poslovanja hotela podrazumeva analiziranje postoje\\u0107eg poslovanja i definisanje novih mera.\",\"breadcrumb\":{\"@id\":\"https:\/\/grus.rs\/konsalting-i-menadzment-u-turizmu\/unapredjenje-poslovanja-hotela\/#breadcrumb\"},\"inLanguage\":\"en-US\",\"potentialAction\":[{\"@type\":\"ReadAction\",\"target\":[\"https:\/\/grus.rs\/konsalting-i-menadzment-u-turizmu\/unapredjenje-poslovanja-hotela\/\"]}]},{\"@type\":\"BreadcrumbList\",\"@id\":\"https:\/\/grus.rs\/konsalting-i-menadzment-u-turizmu\/unapredjenje-poslovanja-hotela\/#breadcrumb\",\"itemListElement\":[{\"@type\":\"ListItem\",\"position\":1,\"name\":\"Po\\u010detna\",\"item\":\"https:\/\/grus.rs\/\"},{\"@type\":\"ListItem\",\"position\":2,\"name\":\"Usluge\",\"item\":\"https:\/\/grus.rs\/konsalting-i-menadzment-u-turizmu\/\"},{\"@type\":\"ListItem\",\"position\":3,\"name\":\"Reorganizacija i unapre\\u0111enje poslovanja hotela\"}]}]}<\/script>\n<!-- \/ Yoast SEO plugin. -->","yoast_head_json":{"title":"Reorganizacija i unapre\u0111enje poslovanja hotela","description":"Reorganizacija i unapre\u0111enje poslovanja hotela podrazumeva analiziranje postoje\u0107eg poslovanja i definisanje novih mera.","robots":{"index":"index","follow":"follow","max-snippet":"max-snippet:-1","max-image-preview":"max-image-preview:large","max-video-preview":"max-video-preview:-1"},"canonical":"https:\/\/grus.rs\/en\/konsalting-i-menadzment-u-turizmu\/unapredjenje-poslovanja-hotela\/","og_locale":"en_US","og_type":"article","og_title":"Reorganizacija i unapre\u0111enje poslovanja hotela","og_description":"Reorganizacija i unapre\u0111enje poslovanja hotela podrazumeva analiziranje postoje\u0107eg poslovanja i definisanje novih mera.","og_url":"https:\/\/grus.rs\/en\/konsalting-i-menadzment-u-turizmu\/unapredjenje-poslovanja-hotela\/","og_site_name":"Grus Hospitality Management","article_publisher":"https:\/\/www.facebook.com\/GrusHospitality","article_modified_time":"2021-11-02T13:42:23+00:00","twitter_card":"summary_large_image","twitter_misc":{"Est. reading time":"2 minutes"},"schema":{"@context":"https:\/\/schema.org","@graph":[{"@type":"Organization","@id":"https:\/\/grus.rs\/#organization","name":"Grus Hospitality Management","url":"https:\/\/grus.rs\/","sameAs":["https:\/\/www.facebook.com\/GrusHospitality","https:\/\/www.linkedin.com\/company\/grus-hospitality-management\/"],"logo":{"@type":"ImageObject","@id":"https:\/\/grus.rs\/#logo","inLanguage":"en-US","url":"https:\/\/grus.rs\/wp-content\/uploads\/2021\/09\/logo-transparent.png","contentUrl":"https:\/\/grus.rs\/wp-content\/uploads\/2021\/09\/logo-transparent.png","width":1275,"height":369,"caption":"Grus Hospitality Management"},"image":{"@id":"https:\/\/grus.rs\/#logo"}},{"@type":"WebSite","@id":"https:\/\/grus.rs\/#website","url":"https:\/\/grus.rs\/","name":"Grus Hospitality Management","description":"","publisher":{"@id":"https:\/\/grus.rs\/#organization"},"potentialAction":[{"@type":"SearchAction","target":{"@type":"EntryPoint","urlTemplate":"https:\/\/grus.rs\/?s={search_term_string}"},"query-input":"required name=search_term_string"}],"inLanguage":"en-US"},{"@type":"WebPage","@id":"https:\/\/grus.rs\/konsalting-i-menadzment-u-turizmu\/unapredjenje-poslovanja-hotela\/#webpage","url":"https:\/\/grus.rs\/konsalting-i-menadzment-u-turizmu\/unapredjenje-poslovanja-hotela\/","name":"Reorganizacija i unapre\u0111enje poslovanja hotela","isPartOf":{"@id":"https:\/\/grus.rs\/#website"},"datePublished":"2021-09-22T21:09:05+00:00","dateModified":"2021-11-02T13:42:23+00:00","description":"Reorganizacija i unapre\u0111enje poslovanja hotela podrazumeva analiziranje postoje\u0107eg poslovanja i definisanje novih mera.","breadcrumb":{"@id":"https:\/\/grus.rs\/konsalting-i-menadzment-u-turizmu\/unapredjenje-poslovanja-hotela\/#breadcrumb"},"inLanguage":"en-US","potentialAction":[{"@type":"ReadAction","target":["https:\/\/grus.rs\/konsalting-i-menadzment-u-turizmu\/unapredjenje-poslovanja-hotela\/"]}]},{"@type":"BreadcrumbList","@id":"https:\/\/grus.rs\/konsalting-i-menadzment-u-turizmu\/unapredjenje-poslovanja-hotela\/#breadcrumb","itemListElement":[{"@type":"ListItem","position":1,"name":"Po\u010detna","item":"https:\/\/grus.rs\/"},{"@type":"ListItem","position":2,"name":"Usluge","item":"https:\/\/grus.rs\/konsalting-i-menadzment-u-turizmu\/"},{"@type":"ListItem","position":3,"name":"Reorganizacija i unapre\u0111enje poslovanja hotela"}]}]}},"_links":{"self":[{"href":"https:\/\/grus.rs\/en\/wp-json\/wp\/v2\/pages\/1453","targetHints":{"allow":["GET"]}}],"collection":[{"href":"https:\/\/grus.rs\/en\/wp-json\/wp\/v2\/pages"}],"about":[{"href":"https:\/\/grus.rs\/en\/wp-json\/wp\/v2\/types\/page"}],"author":[{"embeddable":true,"href":"https:\/\/grus.rs\/en\/wp-json\/wp\/v2\/users\/1"}],"replies":[{"embeddable":true,"href":"https:\/\/grus.rs\/en\/wp-json\/wp\/v2\/comments?post=1453"}],"version-history":[{"count":20,"href":"https:\/\/grus.rs\/en\/wp-json\/wp\/v2\/pages\/1453\/revisions"}],"predecessor-version":[{"id":1658,"href":"https:\/\/grus.rs\/en\/wp-json\/wp\/v2\/pages\/1453\/revisions\/1658"}],"up":[{"embeddable":true,"href":"https:\/\/grus.rs\/en\/wp-json\/wp\/v2\/pages\/1481"}],"wp:attachment":[{"href":"https:\/\/grus.rs\/en\/wp-json\/wp\/v2\/media?parent=1453"}],"curies":[{"name":"wp","href":"https:\/\/api.w.org\/{rel}","templated":true}]}}