{"id":1300,"date":"2021-09-09T00:12:02","date_gmt":"2021-09-08T22:12:02","guid":{"rendered":"https:\/\/grus.rs\/?page_id=1300"},"modified":"2021-10-27T14:52:13","modified_gmt":"2021-10-27T12:52:13","slug":"projekti","status":"publish","type":"page","link":"https:\/\/grus.rs\/en\/projekti\/","title":{"rendered":"PROJECTS"},"content":{"rendered":"<section class=\"l-section wpb_row height_auto\" id=\"projects\"><div class=\"l-section-h i-cf\"><div class=\"g-cols via_grid cols_1 laptops-cols_inherit tablets-cols_inherit mobiles-cols_1 valign_top type_default\"><div class=\"wpb_column vc_column_container us_custom_60e9caca us_animate_this\"><div class=\"vc_column-inner\"><div class=\"w-separator size_custom\" style=\"height:10vh\"><\/div><div class=\"wpb_text_column\"><div class=\"wpb_wrapper\"><h2 style=\"text-align: center;\" class=\" translation-block\">PROJECTS<\/h2>\n<p style=\"text-align: center;\">A list of the last important projects we have worked on together with<br \/>\nclients whose trust we have justified.<\/p>\n<\/div><\/div><div class=\"w-separator size_custom\" style=\"height:5vh\"><\/div><\/div><\/div><\/div><\/div><\/section><section class=\"l-section wpb_row height_auto\"><div class=\"l-section-h i-cf\"><div class=\"g-cols via_grid cols_1 laptops-cols_inherit tablets-cols_inherit mobiles-cols_1 valign_top type_default\"><div class=\"wpb_column vc_column_container us_custom_60e9caca us_animate_this\"><div class=\"vc_column-inner\"><div class=\"w-grid type_grid layout_1577 cols_3 ratio_1x1\" id=\"us_grid_1\" data-filterable=\"true\"><style>#us_grid_1 .w-grid-item{padding:0.5rem}#us_grid_1 .w-grid-list{margin:-0.5rem -0.5rem 0.5rem}.w-grid + #us_grid_1 .w-grid-list{margin-top:0.5rem}@media (max-width:1023px){#us_grid_1 .w-grid-item{width:50%}#us_grid_1 .w-grid-item.size_2x1,#us_grid_1 .w-grid-item.size_2x2{width:100%}}@media (max-width:767px){#us_grid_1 .w-grid-item{width:50%}#us_grid_1 .w-grid-item.size_2x1,#us_grid_1 .w-grid-item.size_2x2{width:100%}}@media (max-width:599px){#us_grid_1 .w-grid-list{margin:0}#us_grid_1 .w-grid-item{width:100%;padding:0;margin-bottom:0.5rem}}.layout_1577 .w-grid-item-h:before{padding-bottom:100%}@media (min-width:600px){.layout_1577 .w-grid-item.size_1x2 .w-grid-item-h:before{padding-bottom:calc(200% + 0.5rem + 0.5rem)}.layout_1577 .w-grid-item.size_2x1 .w-grid-item-h:before{padding-bottom:calc(50% - 0.5rem * 1)}.layout_1577 .w-grid-item.size_2x2 .w-grid-item-h:before{padding-bottom:calc(100% - 0.5rem * 0)}}.layout_1577 .w-grid-item-h{background:#333}.layout_1577 .usg_post_image_1{transition-duration:0.35s;transform-origin:50% 50%;transform:scale(1) translate(0%,0%)}.layout_1577 .w-grid-item-h:hover .usg_post_image_1{transform:scale(1.1) translate(0%,0%);opacity:0.1}.layout_1577 .usg_post_image_1{position:absolute!important;left:0!important;top:0!important;bottom:0!important;right:0!important}.layout_1577 .usg_vwrapper_1{position:absolute!important;left:0!important;bottom:0!important;right:0!important;background:linear-gradient(transparent,rgba(30,30,30,0.9))!important;padding:4rem 2rem 1.5rem 2rem!important}.layout_1577 .usg_post_title_1{color:#ffffff!important;font-weight:100!important;text-transform:uppercase!important;font-size:1.2rem!important}<\/style><div class=\"w-grid-list\">\t<article class=\"w-grid-item size_1x1 post-1676 us_portfolio type-us_portfolio status-publish has-post-thumbnail hentry\" data-id=\"1676\">\r\n\t\t<div class=\"w-grid-item-h\">\r\n\t\t\t\t\t\t\t<a class=\"w-grid-item-anchor\" href=\"https:\/\/grus.rs\/en\/projekti\/hotel-zlatibor-mona\/\" rel=\"bookmark\" aria-label=\"Hotel Zlatibor Mona\"><\/a>\r\n\t\t\t\t\t\t<div class=\"w-post-elm post_image usg_post_image_1 stretched\"><img loading=\"lazy\" decoding=\"async\" width=\"1366\" height=\"768\" src=\"https:\/\/grus.rs\/wp-content\/uploads\/2022\/03\/monazlatibor.webp\" class=\"attachment- size- wp-post-image\" alt=\"\" srcset=\"https:\/\/grus.rs\/wp-content\/uploads\/2022\/03\/monazlatibor.webp 1366w, https:\/\/grus.rs\/wp-content\/uploads\/2022\/03\/monazlatibor-18x10.webp 18w\" sizes=\"auto, (max-width: 1366px) 100vw, 1366px\" \/><\/div><div class=\"w-vwrapper usg_vwrapper_1 align_none valign_top\"><h2 class=\"w-post-elm post_title usg_post_title_1 align_center entry-title color_link_inherit has_text_color\">Hotel Zlatibor Mona<\/h2><\/div>\t\t<\/div>\r\n\t<\/article>\r\n\t<article class=\"w-grid-item size_1x1 post-97 us_portfolio type-us_portfolio status-publish has-post-thumbnail hentry\" data-id=\"97\">\r\n\t\t<div class=\"w-grid-item-h\">\r\n\t\t\t\t\t\t\t<a class=\"w-grid-item-anchor\" href=\"https:\/\/grus.rs\/en\/projekti\/hotel-solaris-resort-vrnjacka-banja\/\" rel=\"bookmark\" aria-label=\"Hotel &quot;Solaris Resort&quot;, Vrnjacka Banja\"><\/a>\r\n\t\t\t\t\t\t<div class=\"w-post-elm post_image usg_post_image_1 stretched\"><img loading=\"lazy\" decoding=\"async\" width=\"1366\" height=\"768\" src=\"https:\/\/grus.rs\/wp-content\/uploads\/2015\/02\/hotel-solaris.jpg\" class=\"attachment- size- wp-post-image\" alt=\"\" \/><\/div><div class=\"w-vwrapper usg_vwrapper_1 align_none valign_top\"><h2 class=\"w-post-elm post_title usg_post_title_1 align_center entry-title color_link_inherit has_text_color\">Hotel \"Solaris Resort\", Vrnjacka Banja<\/h2><\/div>\t\t<\/div>\r\n\t<\/article>\r\n\t<article class=\"w-grid-item size_1x1 post-88 us_portfolio type-us_portfolio status-publish has-post-thumbnail hentry\" data-id=\"88\">\r\n\t\t<div class=\"w-grid-item-h\">\r\n\t\t\t\t\t\t\t<a class=\"w-grid-item-anchor\" href=\"https:\/\/grus.rs\/en\/projekti\/zooloski-vrt-grada-beograda-doo\/\" rel=\"bookmark\" aria-label=\"Belgrade Zoo Ltd.\"><\/a>\r\n\t\t\t\t\t\t<div class=\"w-post-elm post_image usg_post_image_1 stretched\"><img loading=\"lazy\" decoding=\"async\" width=\"1366\" height=\"768\" src=\"https:\/\/grus.rs\/wp-content\/uploads\/2015\/02\/beo-zoo-vrt.jpg\" class=\"attachment- size- wp-post-image\" alt=\"\" \/><\/div><div class=\"w-vwrapper usg_vwrapper_1 align_none valign_top\"><h2 class=\"w-post-elm post_title usg_post_title_1 align_center entry-title color_link_inherit has_text_color\">Belgrade Zoo Ltd.<\/h2><\/div>\t\t<\/div>\r\n\t<\/article>\r\n\t<article class=\"w-grid-item size_1x1 post-101 us_portfolio type-us_portfolio status-publish has-post-thumbnail hentry\" data-id=\"101\">\r\n\t\t<div class=\"w-grid-item-h\">\r\n\t\t\t\t\t\t\t<a class=\"w-grid-item-anchor\" href=\"https:\/\/grus.rs\/en\/projekti\/centar-za-istrazivanja-i-studije-turizma\/\" rel=\"bookmark\" aria-label=\"Center for Tourism Research and Studies, Novi Sad\"><\/a>\r\n\t\t\t\t\t\t<div class=\"w-post-elm post_image usg_post_image_1 stretched\"><img loading=\"lazy\" decoding=\"async\" width=\"1366\" height=\"768\" src=\"https:\/\/grus.rs\/wp-content\/uploads\/2015\/04\/zaposleni-u-hotelu.jpg\" class=\"attachment- size- wp-post-image\" alt=\"\" \/><\/div><div class=\"w-vwrapper usg_vwrapper_1 align_none valign_top\"><h2 class=\"w-post-elm post_title usg_post_title_1 align_center entry-title color_link_inherit has_text_color\">Center for Tourism Research and Studies, Novi Sad<\/h2><\/div>\t\t<\/div>\r\n\t<\/article>\r\n\t<article class=\"w-grid-item size_1x1 post-435 us_portfolio type-us_portfolio status-publish has-post-thumbnail hentry\" data-id=\"435\">\r\n\t\t<div class=\"w-grid-item-h\">\r\n\t\t\t\t\t\t\t<a class=\"w-grid-item-anchor\" href=\"https:\/\/grus.rs\/en\/projekti\/novi-sad-vaer-inzenjering\/\" rel=\"bookmark\" aria-label=\"Novi Sad Vaer Engineering\"><\/a>\r\n\t\t\t\t\t\t<div class=\"w-post-elm post_image usg_post_image_1 stretched\"><img loading=\"lazy\" decoding=\"async\" width=\"1366\" height=\"768\" src=\"https:\/\/grus.rs\/wp-content\/uploads\/2015\/02\/vaer-house-2.jpg\" class=\"attachment- size- wp-post-image\" alt=\"\" \/><\/div><div class=\"w-vwrapper usg_vwrapper_1 align_none valign_top\"><h2 class=\"w-post-elm post_title usg_post_title_1 align_center entry-title color_link_inherit has_text_color\">Novi Sad Vaer Engineering<\/h2><\/div>\t\t<\/div>\r\n\t<\/article>\r\n<\/div><div class=\"w-grid-preloader\"><div class=\"g-preloader type_1\">\r\n\t<div><\/div>\r\n<\/div>\r\n<\/div>\t<div class=\"w-grid-json hidden\" onclick='return {&quot;action&quot;:&quot;us_ajax_grid&quot;,&quot;ajax_url&quot;:&quot;https:\\\/\\\/grus.rs\\\/wp-admin\\\/admin-ajax.php&quot;,&quot;infinite_scroll&quot;:0,&quot;max_num_pages&quot;:1,&quot;pagination&quot;:&quot;infinite&quot;,&quot;permalink_url&quot;:&quot;https:\\\/\\\/grus.rs\\\/en\\\/wp-json\\\/wp\\\/v2\\\/pages\\\/1300&quot;,&quot;template_vars&quot;:{&quot;columns&quot;:&quot;3&quot;,&quot;exclude_items&quot;:&quot;none&quot;,&quot;img_size&quot;:&quot;default&quot;,&quot;ignore_items_size&quot;:false,&quot;items_layout&quot;:&quot;1577&quot;,&quot;items_offset&quot;:&quot;1&quot;,&quot;load_animation&quot;:&quot;none&quot;,&quot;overriding_link&quot;:&quot;post&quot;,&quot;post_id&quot;:1300,&quot;query_args&quot;:{&quot;post_type&quot;:[&quot;us_portfolio&quot;],&quot;post_status&quot;:[&quot;publish&quot;],&quot;posts_per_page&quot;:&quot;12&quot;},&quot;orderby_query_args&quot;:{&quot;orderby&quot;:{&quot;date&quot;:&quot;DESC&quot;}},&quot;type&quot;:&quot;grid&quot;,&quot;us_grid_ajax_index&quot;:1,&quot;us_grid_filter_params&quot;:null,&quot;us_grid_index&quot;:1,&quot;_us_grid_post_type&quot;:&quot;us_portfolio&quot;}}'><\/div>\r\n\t<\/div><div class=\"w-separator size_custom\" style=\"height:10vh\"><\/div><\/div><\/div><\/div><\/div><\/section>","protected":false},"excerpt":{"rendered":"Naziv projekta Izrada Studije najbolje upotrebe za potencijalni hotel VAER HOUSE u Novom Sadu Na\u0161 klijent Centar za istra\u017eivanja i studije turizma, Novi Sad &#8211; Vaer In\u017eenjering, Novi Sad Opis projekta U okviru izrade studije za gradnju hotela, Grus HM je bio anga\u017eovan na izradi finansijske analize sa definisanom projekcijom prihoda i rashoda, na definisanju...","protected":false},"author":1,"featured_media":0,"parent":0,"menu_order":0,"comment_status":"closed","ping_status":"closed","template":"","meta":{"footnotes":""},"class_list":["post-1300","page","type-page","status-publish","hentry"],"yoast_head":"<!-- This site is optimized with the Yoast SEO plugin v17.4 - https:\/\/yoast.com\/wordpress\/plugins\/seo\/ -->\n<title>Projekti &bull; Grus Hospitality Management<\/title>\n<meta name=\"description\" content=\"Odre\u0111eni va\u017eniji projekti u turizmu i hotelijerstvu na kojima smo radili zajedno sa klijentima \u010dije smo poverenje opravdali.\" \/>\n<meta name=\"robots\" content=\"index, follow, max-snippet:-1, max-image-preview:large, max-video-preview:-1\" \/>\n<link rel=\"canonical\" href=\"https:\/\/grus.rs\/en\/projekti\/\" \/>\n<meta property=\"og:locale\" content=\"en_US\" \/>\n<meta property=\"og:type\" content=\"article\" \/>\n<meta property=\"og:title\" content=\"Projekti &bull; Grus Hospitality Management\" \/>\n<meta property=\"og:description\" content=\"Odre\u0111eni va\u017eniji projekti u turizmu i hotelijerstvu na kojima smo radili zajedno sa klijentima \u010dije smo poverenje opravdali.\" \/>\n<meta property=\"og:url\" content=\"https:\/\/grus.rs\/en\/projekti\/\" \/>\n<meta property=\"og:site_name\" content=\"Grus Hospitality Management\" \/>\n<meta property=\"article:publisher\" content=\"https:\/\/www.facebook.com\/GrusHospitality\" \/>\n<meta property=\"article:modified_time\" content=\"2021-10-27T12:52:13+00:00\" \/>\n<meta name=\"twitter:card\" content=\"summary_large_image\" \/>\n<meta name=\"twitter:label1\" content=\"Est. reading time\" \/>\n\t<meta name=\"twitter:data1\" content=\"1 minute\" \/>\n<script type=\"application\/ld+json\" class=\"yoast-schema-graph\">{\"@context\":\"https:\/\/schema.org\",\"@graph\":[{\"@type\":\"Organization\",\"@id\":\"https:\/\/grus.rs\/#organization\",\"name\":\"Grus Hospitality Management\",\"url\":\"https:\/\/grus.rs\/\",\"sameAs\":[\"https:\/\/www.facebook.com\/GrusHospitality\",\"https:\/\/www.linkedin.com\/company\/grus-hospitality-management\/\"],\"logo\":{\"@type\":\"ImageObject\",\"@id\":\"https:\/\/grus.rs\/#logo\",\"inLanguage\":\"en-US\",\"url\":\"https:\/\/grus.rs\/wp-content\/uploads\/2021\/09\/logo-transparent.png\",\"contentUrl\":\"https:\/\/grus.rs\/wp-content\/uploads\/2021\/09\/logo-transparent.png\",\"width\":1275,\"height\":369,\"caption\":\"Grus Hospitality Management\"},\"image\":{\"@id\":\"https:\/\/grus.rs\/#logo\"}},{\"@type\":\"WebSite\",\"@id\":\"https:\/\/grus.rs\/#website\",\"url\":\"https:\/\/grus.rs\/\",\"name\":\"Grus Hospitality Management\",\"description\":\"\",\"publisher\":{\"@id\":\"https:\/\/grus.rs\/#organization\"},\"potentialAction\":[{\"@type\":\"SearchAction\",\"target\":{\"@type\":\"EntryPoint\",\"urlTemplate\":\"https:\/\/grus.rs\/?s={search_term_string}\"},\"query-input\":\"required name=search_term_string\"}],\"inLanguage\":\"en-US\"},{\"@type\":\"WebPage\",\"@id\":\"https:\/\/grus.rs\/projekti\/#webpage\",\"url\":\"https:\/\/grus.rs\/projekti\/\",\"name\":\"Projekti &bull; Grus Hospitality Management\",\"isPartOf\":{\"@id\":\"https:\/\/grus.rs\/#website\"},\"datePublished\":\"2021-09-08T22:12:02+00:00\",\"dateModified\":\"2021-10-27T12:52:13+00:00\",\"description\":\"Odre\\u0111eni va\\u017eniji projekti u turizmu i hotelijerstvu na kojima smo radili zajedno sa klijentima \\u010dije smo poverenje opravdali.\",\"breadcrumb\":{\"@id\":\"https:\/\/grus.rs\/projekti\/#breadcrumb\"},\"inLanguage\":\"en-US\",\"potentialAction\":[{\"@type\":\"ReadAction\",\"target\":[\"https:\/\/grus.rs\/projekti\/\"]}]},{\"@type\":\"BreadcrumbList\",\"@id\":\"https:\/\/grus.rs\/projekti\/#breadcrumb\",\"itemListElement\":[{\"@type\":\"ListItem\",\"position\":1,\"name\":\"Po\\u010detna\",\"item\":\"https:\/\/grus.rs\/\"},{\"@type\":\"ListItem\",\"position\":2,\"name\":\"Projekti\"}]}]}<\/script>\n<!-- \/ Yoast SEO plugin. -->","yoast_head_json":{"title":"Projekti &bull; Grus Hospitality Management","description":"Odre\u0111eni va\u017eniji projekti u turizmu i hotelijerstvu na kojima smo radili zajedno sa klijentima \u010dije smo poverenje opravdali.","robots":{"index":"index","follow":"follow","max-snippet":"max-snippet:-1","max-image-preview":"max-image-preview:large","max-video-preview":"max-video-preview:-1"},"canonical":"https:\/\/grus.rs\/en\/projekti\/","og_locale":"en_US","og_type":"article","og_title":"Projekti &bull; Grus Hospitality Management","og_description":"Odre\u0111eni va\u017eniji projekti u turizmu i hotelijerstvu na kojima smo radili zajedno sa klijentima \u010dije smo poverenje opravdali.","og_url":"https:\/\/grus.rs\/en\/projekti\/","og_site_name":"Grus Hospitality Management","article_publisher":"https:\/\/www.facebook.com\/GrusHospitality","article_modified_time":"2021-10-27T12:52:13+00:00","twitter_card":"summary_large_image","twitter_misc":{"Est. reading time":"1 minute"},"schema":{"@context":"https:\/\/schema.org","@graph":[{"@type":"Organization","@id":"https:\/\/grus.rs\/#organization","name":"Grus Hospitality Management","url":"https:\/\/grus.rs\/","sameAs":["https:\/\/www.facebook.com\/GrusHospitality","https:\/\/www.linkedin.com\/company\/grus-hospitality-management\/"],"logo":{"@type":"ImageObject","@id":"https:\/\/grus.rs\/#logo","inLanguage":"en-US","url":"https:\/\/grus.rs\/wp-content\/uploads\/2021\/09\/logo-transparent.png","contentUrl":"https:\/\/grus.rs\/wp-content\/uploads\/2021\/09\/logo-transparent.png","width":1275,"height":369,"caption":"Grus Hospitality Management"},"image":{"@id":"https:\/\/grus.rs\/#logo"}},{"@type":"WebSite","@id":"https:\/\/grus.rs\/#website","url":"https:\/\/grus.rs\/","name":"Grus Hospitality Management","description":"","publisher":{"@id":"https:\/\/grus.rs\/#organization"},"potentialAction":[{"@type":"SearchAction","target":{"@type":"EntryPoint","urlTemplate":"https:\/\/grus.rs\/?s={search_term_string}"},"query-input":"required name=search_term_string"}],"inLanguage":"en-US"},{"@type":"WebPage","@id":"https:\/\/grus.rs\/projekti\/#webpage","url":"https:\/\/grus.rs\/projekti\/","name":"Projekti &bull; Grus Hospitality Management","isPartOf":{"@id":"https:\/\/grus.rs\/#website"},"datePublished":"2021-09-08T22:12:02+00:00","dateModified":"2021-10-27T12:52:13+00:00","description":"Odre\u0111eni va\u017eniji projekti u turizmu i hotelijerstvu na kojima smo radili zajedno sa klijentima \u010dije smo poverenje opravdali.","breadcrumb":{"@id":"https:\/\/grus.rs\/projekti\/#breadcrumb"},"inLanguage":"en-US","potentialAction":[{"@type":"ReadAction","target":["https:\/\/grus.rs\/projekti\/"]}]},{"@type":"BreadcrumbList","@id":"https:\/\/grus.rs\/projekti\/#breadcrumb","itemListElement":[{"@type":"ListItem","position":1,"name":"Po\u010detna","item":"https:\/\/grus.rs\/"},{"@type":"ListItem","position":2,"name":"Projekti"}]}]}},"_links":{"self":[{"href":"https:\/\/grus.rs\/en\/wp-json\/wp\/v2\/pages\/1300","targetHints":{"allow":["GET"]}}],"collection":[{"href":"https:\/\/grus.rs\/en\/wp-json\/wp\/v2\/pages"}],"about":[{"href":"https:\/\/grus.rs\/en\/wp-json\/wp\/v2\/types\/page"}],"author":[{"embeddable":true,"href":"https:\/\/grus.rs\/en\/wp-json\/wp\/v2\/users\/1"}],"replies":[{"embeddable":true,"href":"https:\/\/grus.rs\/en\/wp-json\/wp\/v2\/comments?post=1300"}],"version-history":[{"count":8,"href":"https:\/\/grus.rs\/en\/wp-json\/wp\/v2\/pages\/1300\/revisions"}],"predecessor-version":[{"id":1608,"href":"https:\/\/grus.rs\/en\/wp-json\/wp\/v2\/pages\/1300\/revisions\/1608"}],"wp:attachment":[{"href":"https:\/\/grus.rs\/en\/wp-json\/wp\/v2\/media?parent=1300"}],"curies":[{"name":"wp","href":"https:\/\/api.w.org\/{rel}","templated":true}]}}